{"id":16,"date":"2015-05-22T13:42:17","date_gmt":"2015-05-22T12:42:17","guid":{"rendered":"http:\/\/blogs.kent.ac.uk\/welfsoc\/?page_id=16"},"modified":"2019-10-11T14:06:01","modified_gmt":"2019-10-11T13:06:01","slug":"our-publications","status":"publish","type":"page","link":"https:\/\/blogs.kent.ac.uk\/welfsoc\/our-publications\/","title":{"rendered":"Our publications &amp; data"},"content":{"rendered":"<p style=\"text-align: left\">On this page, you will find a series of WelfSOC-related documents, working papers, datasets and background information prepared by the research teams involved in this project.<\/p>\n<p style=\"text-align: left\"><em><strong>Book<\/strong><\/em><\/p>\n<p style=\"text-align: left\"><em><strong><a href=\"http:\/\/blogs.kent.ac.uk\/welfsoc\/files\/2015\/05\/after_austerity_pic.jpg\"><img loading=\"lazy\" class=\"wp-image-176 alignleft\" src=\"http:\/\/blogs.kent.ac.uk\/welfsoc\/files\/2015\/05\/after_austerity_pic.jpg\" alt=\"\" width=\"129\" height=\"198\" srcset=\"https:\/\/blogs.kent.ac.uk\/welfsoc\/files\/2015\/05\/after_austerity_pic.jpg 358w, https:\/\/blogs.kent.ac.uk\/welfsoc\/files\/2015\/05\/after_austerity_pic-195x300.jpg 195w\" sizes=\"(max-width: 129px) 100vw, 129px\" \/><\/a><\/strong><\/em><\/p>\n<p style=\"text-align: left\"><em>&#8220;<a href=\"https:\/\/global.oup.com\/academic\/product\/after-austerity-9780198790273?lang=en&amp;cc=se\">After Austerity: Welfare State Transformation in Europe after the Great Recession<\/a>&#8220;, edited by Peter Taylor-Gooby,\u00a0<\/em><em>Benjamin Leruth and Heejung Chung (Oxford University Press).<\/em><\/p>\n<p style=\"text-align: left\"><em>\u00a0<\/em><em>Available as hardcover (\u00a365), paperback (\u00a325) and also e-book.<\/em><\/p>\n<p>&nbsp;<\/p>\n<p><img loading=\"lazy\" class=\"wp-image-238 alignleft\" src=\"http:\/\/blogs.kent.ac.uk\/welfsoc\/files\/2015\/05\/book2018_02-202x300.jpg\" alt=\"\" width=\"129\" height=\"192\" srcset=\"https:\/\/blogs.kent.ac.uk\/welfsoc\/files\/2015\/05\/book2018_02-202x300.jpg 202w, https:\/\/blogs.kent.ac.uk\/welfsoc\/files\/2015\/05\/book2018_02.jpg 337w\" sizes=\"(max-width: 129px) 100vw, 129px\" \/><em>&#8220;<a href=\"https:\/\/www.palgrave.com\/gb\/book\/9783319757827\">Attitudes, Aspirations and Welfare: Social Policy Directions in Uncertain Times<\/a>&#8220;, edited by Peter Taylor-Gooby and Benjamin Leruth (Palgrave Macmillan).<\/em><\/p>\n<p><em>Available as hardcover (\u00a379) and e-book (\u00a363).<\/em><\/p>\n<p>&nbsp;<\/p>\n<p>Tatjana Rakar,\u00a0 Ma\u0161a Filipovi\u010d Hrast. <em><a href=\"http:\/\/www.dlib.si\/details\/URN:NBN:SI:DOC-6HHPRC8I\">Socialna politika danes in jutri<\/a><\/em>\u00a0<em>[Social policy today and tomorrow].<\/em> Ljubljana: Faculty of Social Sciences. Zalo\u017eba FDV, 2018.<\/p>\n<p>&nbsp;<\/p>\n<p><em><strong>Datasets<\/strong><\/em><\/p>\n<p>The full dataset &#8211; including the democratic forum and focus group discussions in all five participating countries &#8211; is now available:<\/p>\n<h5><a href=\"https:\/\/beta.ukdataservice.ac.uk\/datacatalogue\/studies\/study?id=8496#!\/details\"><em> WelfSOC Democratic forum and Focus group dataset<\/em> <\/a><\/h5>\n<p>&nbsp;<\/p>\n<p><strong><em>Journal Special Issue<\/em><\/strong><\/p>\n<p>Heejung Chung, Peter Taylor-Gooby and Benjamin Leruth eds. (2018). <a href=\"https:\/\/onlinelibrary.wiley.com\/doi\/full\/10.1111\/spol.12400\">Political Legitimacy and Welfare State Futures<\/a>. Special Issue of Social Policy &amp; Administration<em>. Social Policy and Administration [Online] 52<\/em>. <a href=\"https:\/\/doi.org\/10.1111\/spol.12400\">https:\/\/doi.org\/10.1111\/spol.12400<\/a><\/p>\n<p>&nbsp;<\/p>\n<p><em><strong>Scientific articles<\/strong><\/em><\/p>\n<p>Ma\u0161a Filipovi\u010d Hrast, Mi Ah Schoyen, Tatjana Rakar (2019). <a href=\"https:\/\/hrcak.srce.hr\/204607\">A comparative analysis of people&#8217;s views on future policies for older people<\/a>. <em>Revija za socijalnu politiku [Croatian Journal of social policy]<\/em>, 2019, 26,(no 2), pp. 153-169, doi: <a href=\"https:\/\/hrcak.srce.hr\/204607\">10.3935\/rsp.v26i2.1585<\/a>.<\/p>\n<p>Peter Taylor-Gooby, Jan-Ocko Heuer, Heejung Chung, Benjamin Leruth, Steffen Mau, Katharina Zimmermann (2019). <a href=\"https:\/\/www.cambridge.org\/core\/journals\/journal-of-social-policy\/article\/regimes-social-risks-and-the-welfare-mix-unpacking-attitudes-to-pensions-and-childcare-in-germany-and-the-uk-through-deliberative-forums\/710B44FA16A897C2360FE776E87B2A8D\">Regime, Social Risks and the Welfare Mix: Unpacking Attitudes to Pensions and Childcare in Germany and the UK through Deliberative Forums<\/a>. <em>Journal of Social<\/em>\u00a0 <em>Policy, <\/em>January 2019.\u00a0<a href=\"https:\/\/doi.org\/10.1017\/S004727941800079X\">https:\/\/doi.org\/10.1017\/S004727941800079X<\/a><\/p>\n<p>Tijs Laenen, Federica Rossetti and Wim van Oorschot (2019). <a href=\"https:\/\/soc.kuleuven.be\/ceso\/spsw\/SPSW-2019-01\">Why deservingness\u00a0theory needs qualitative research. Comparing focus group discussions\u00a0on social welfare in three welfare regimes<\/a>. SPSW Working Paper No. CeSo\/SPSW\/2019-01. Leuven: Centre for Sociological Research, KU Leuven.<\/p>\n<p>Tatjana Rakar,\u00a0 Ma\u0161a Filipovi\u010d Hrast (2018). <a href=\"https:\/\/hrcak.srce.hr\/index.php?show=clanak&amp;id_clanak_jezik=301183\">The future of the Slovenian welfare state : a view from deliberative forums<\/a>. <em>Revija za socijalnu politiku [Croatian journal of social policy]<\/em>, 2018, 25,no 2, pp 157-173, doi: <a href=\"https:\/\/hrcak.srce.hr\/index.php?show=clanak&amp;id_clanak_jezik=301183\">10.3935\/rsp.v25i2.1469<\/a><\/p>\n<p>Peter Taylor-Gooby, Bj\u00f8rn Hvinden, Steffen Mau, Benjamin Leruth, Mi Ah Schoyen and Adrienn Gyory (2018). <a href=\"http:\/\/journals.sagepub.com\/doi\/full\/10.1177\/0001699318774835\">Moral economies of the welfare state A qualitative comparative study.<\/a>\u00a0<em>Acta Sociologica, <\/em>June 2018.\u00a0<a href=\"https:\/\/doi.org\/10.1177%2F0001699318774835\">https:\/\/doi.org\/10.1177%2F0001699318774835<\/a><\/p>\n<p>Heejung Chung, Peter Taylor-Gooby and Benjamin Leruth (2018). <a href=\"https:\/\/onlinelibrary.wiley.com\/doi\/full\/10.1111\/spol.12400\">Political Legitimacy and Welfare State Futures: Introduction<\/a>. <em>Social Policy &amp; Administration<\/em>, April 2018.\u00a0<a href=\"https:\/\/doi.org\/10.1111\/spol.12400\">https:\/\/doi.org\/10.1111\/spol.12400\u00a0<\/a><\/p>\n<p><span class=\"person_name\">Peter Taylor-Gooby,\u00a0<\/span>Heejung\u00a0<span class=\"person_name\">Chung\u00a0<\/span>\u00a0and\u00a0<span class=\"person_name\">Benjamin<\/span>\u00a0<span class=\"person_name\">Leruth\u00a0<\/span>(2018).\u00a0<a href=\"https:\/\/onlinelibrary.wiley.com\/doi\/full\/10.1111\/spol.12405\">The Contribution of Deliberative Forums to Studying Welfare State Attitudes \u2013 a United Kingdom Study<\/a><em>.\u00a0Social Policy &amp;<\/em> Administration,<em>\u00a0<\/em>April 2018.\u00a0<a href=\"https:\/\/doi.org\/10.1111\/spol.12405\">https:\/\/doi.org\/10.1111\/spol.12405<\/a><\/p>\n<p>Katharina Zimmermann, Jan\u2010Ocko Heuer and Steffen Mau (2018). <a href=\"https:\/\/onlinelibrary.wiley.com\/doi\/abs\/10.1111\/spol.12398\">Changing preferences towards redistribution: How deliberation shapes welfare attitudes<\/a>. <em>Social Policy &amp; Administration<\/em>, April 2018. <a href=\"https:\/\/doi.org\/10.1111\/spol.12398\">https:\/\/doi.org\/10.1111\/spol.12398<\/a> <em>\u00a0<\/em><\/p>\n<p>Benjamin Leruth and Peter Taylor-Gooby (2018). \u2018<a href=\"http:\/\/blogs.kent.ac.uk\/welfsoc\/files\/2015\/05\/Does_political_discourse_matter_final-author-accepted-version.pdf\">Does political discourse matter? Comparing party positions and public attitudes on immigration in England<\/a>\u2019.\u00a0<em>Politics<\/em>, March 2018.\u00a0<a href=\"https:\/\/doi.org\/10.1177\/0263395718755566\">https:\/\/doi.org\/10.1177\/0263395718755566<\/a><\/p>\n<p>Mathias Herup Nielsen (2018). \u2018Four Normative Languages of Welfare: A pragmatic sociological investigation\u2019.\u00a0<em>Distinktion : Scandinavian Journal of Social Theory Vol. 7 Issue 3. <\/em><a href=\"https:\/\/doi.org\/10.1080\/1600910X.2017.1412336\">https:\/\/doi.org\/10.1080\/1600910X.2017.1412336<\/a><\/p>\n<p>Peter Taylor-Gooby, Ben Leruth, Heejung Chung (2018). \u2018Identifying attitudes to welfare through deliberative forums \u2013 the emergence of reluctant individualism\u2019.\u00a0<em>Policy and Politics, <\/em>12 January 2018. <a href=\"https:\/\/doi.org\/10.1332\/030557318X15155868234361\">https:\/\/doi.org\/10.1332\/030557318X15155868234361<\/a><\/p>\n<p>Peter Taylor-Gooby (2017). \u2018Redoubling the Crisis of the Welfare State\u2019. Journal of Social Policy, 46, 4, 815-835, <a href=\"https:\/\/doi.org\/10.1017\/S0047279417000538\">https:\/\/doi.org\/10.1017\/S0047279417000538<\/a><\/p>\n<p>&nbsp;<\/p>\n<p><em><strong>Book chapters<\/strong><\/em><\/p>\n<p>Jan-Ocko Heuer, Steffen Mau, with assistance by Robert Tiede (2018). \u00c4ngste in der Bev\u00f6lkerung bei der sozialpolitischen Integration von Migrant*innen. In: S. Betzelt, I. Bode (eds.): Angst im neuen Wohlfahrtsstaat: Kritische Blicke auf ein diffuses Ph\u00e4nomen. Baden-Baden: Nomos, pp. 109-145. <a href=\"https:\/\/doi.org\/10.5771\/9783845288079-109\">https:\/\/doi.org\/10.5771\/9783845288079-109<\/a><\/p>\n<p>Tatjana Rakar and Ma\u0161a Filipovi\u010d Hrast (2017). Socialne nalo\u017ebe in dru\u017einska politika v Sloveniji [Social investment perspective in family policy in Slovenia], in <a href=\"http:\/\/www.zalozba-sophia.si\/katalog\/2017\/generaciji-navidezne-svobode\"><em>Generaciji navidezne svobode: otroci in star\u0161i v sodobni dru\u017ebi [Generations of illusive freedom: children and parents in contemporary society] <\/em><\/a>(Tamara Narat and Urban Boljka eds.). Ljubljana: Zalo\u017eba Sophia.<\/p>\n<p>&nbsp;<\/p>\n<p><em><strong>Publication intended for a wider audience<\/strong><\/em><\/p>\n<p>Steffen Mau, Jan-Ocko Heuer (2016). <a href=\"http:\/\/library.fes.de\/pdf-files\/wiso\/12516.pdf\">Wachsende Ungleichheit als Gefahr f\u00fcr nachhaltiges Wachstum: Wie die Bev\u00f6lkerung \u00fcber soziale Unterschiede denkt<\/a>. Bonn: Friedrich-Ebert-Stiftung, Abteilung Wirtschafts- und Sozialpolitik.<\/p>\n<p>&nbsp;<\/p>\n<p><em><strong>Conference papers<\/strong><\/em><\/p>\n<p><strong><em>Papers presented at the\u00a0Welfare States Futures &#8211; Final Conference, Florence, 24-25 May 2018<\/em><\/strong><\/p>\n<ul>\n<li><a href=\"http:\/\/blogs.kent.ac.uk\/welfsoc\/files\/2018\/05\/Taylor-Gooby_WelfSoc_Key-Conclusions.pdf\">Democratic forums and welfare state attitude<\/a> &#8211; Peter Taylor-Gooby and Benjamin Leruth.<\/li>\n<li><a href=\"http:\/\/blogs.kent.ac.uk\/welfsoc\/files\/2018\/05\/chung_filipovic_rakar_abstract_20180525.pdf\">The provision of care \u2013 whose responsibility and why?<\/a> &#8211;\u00a0Heejung Chung, Ma\u0161a Filipovi\u010d Hrast and Tatjana Rakar.<\/li>\n<li><a href=\"http:\/\/blogs.kent.ac.uk\/welfsoc\/files\/2018\/06\/filipovic_immergut_rakar_boljka_burlacu_roescu_health-care_-abstract.pdf\">Healthcare Futures: Visions of Solidarity and the Sustainability of European Healthcare Systems<\/a> &#8211;\u00a0Ma\u0161a Filipovi\u010d Hrast, Ellen M. Immergut, Tatjana Rakar, Urban Boljka, Diana Burlacu and Andra Roescu.<\/li>\n<li><a href=\"http:\/\/blogs.kent.ac.uk\/welfsoc\/files\/2018\/05\/hvinden_shoyen_tolgensbakk_abstract_20180525.pdf\">Demands for public and occupational welfare in contemporary political economies: A three-country comparison of public attitudes towards workers\u2019 social rights and responsibilities\u00a0<\/a>&#8211;\u00a0Bjorn Hvinden, Mi Ah Schoyen and Ida Tolgensbakk.<\/li>\n<li><a href=\"http:\/\/blogs.kent.ac.uk\/welfsoc\/files\/2015\/05\/Moral-economies-of-the-welfare-state-a-qualitative-comparative-study.pdf\">Moral economies of the welfare state &#8211; a qualitative comparative study<\/a> &#8211;\u00a0Peter Taylor-Gooby, Bjorn Hvinden, Benjamin Leruth, Steffen Mau, Mi Ah Schoyen and Adrienn Gy\u0151ry.<\/li>\n<li><a href=\"http:\/\/blogs.kent.ac.uk\/welfsoc\/files\/2018\/05\/nielsen_welfsoc_abstract_20180524.pdf\">Doing deservingness &#8211; Deservingness criteria in discussions about migration in four European countries<\/a> &#8211;\u00a0Mathias Herup Nielsen, Christian Albrekt Larsen &amp; Morten Frederiksen.<\/li>\n<li><a href=\"http:\/\/blogs.kent.ac.uk\/welfsoc\/files\/2018\/06\/laenen_rossetti_vanoorschot_abstract.pdf\">The institutional logic of welfare distribution preferences. A qualitative analysis of deservingness discussions among citizens in three welfare regimes<\/a> &#8211;\u00a0Tijs Laenen, Federica Rossetti and Wim van Oorschot.<\/li>\n<li><a href=\"http:\/\/blogs.kent.ac.uk\/welfsoc\/files\/2018\/05\/zimmermannn-heuer_abstract_20180510.pdf\">Redistribution reinforced? Citizens\u2019 perceptions towards welfare conditionality between conduct and circumstances<\/a> &#8211;\u00a0Katharina Zimmermann and Jan-Ocko Heuer.<\/li>\n<li><a href=\"http:\/\/blogs.kent.ac.uk\/welfsoc\/files\/2018\/06\/gyory_WSFconf_paper_fin.pdf\">Restrictive policy preferences on immigrants\u2019 access to welfare state\u00a0and what is behind<\/a> &#8211;\u00a0Adrienn Gy\u0151ry.<\/li>\n<\/ul>\n<p><strong><em>Papers presented at the 2017 annual ESPAnet Conference, Lisbon, 14-16 September 2017<\/em><\/strong><\/p>\n<ul>\n<li><a href=\"http:\/\/blogs.kent.ac.uk\/welfsoc\/files\/2015\/05\/Rights-and-obligations-in-times-of-austerity-Citizens-perceptions-of-welfare-conditionality-from-a-multidimensional-perspective.pdf\">Rights and obligations in times of austerity &#8211; Citizen&#8217;s perceptions of welfare conditionality from a multidimensional perspective<\/a>\u00a0\u2013 Katharina Zimmermann and Jan-Ocko Heuer<\/li>\n<li><a href=\"http:\/\/blogs.kent.ac.uk\/welfsoc\/files\/2015\/05\/The-changes-and-future-of-the-Slovenian-welfare-state-a-view-from-deliberative-forums.pdf\">The changes and future of the Slovenian welfare state &#8211; a view from deliberative forums <\/a>\u2013 Tatjana Rakar and Masa Filipovic Hrast<\/li>\n<li><a href=\"http:\/\/blogs.kent.ac.uk\/welfsoc\/files\/2015\/05\/Moral-economies-of-the-welfare-state-a-qualitative-comparative-study.pdf\">Moral economies of the welfare state &#8211; a qualitative comparative study\u00a0<\/a>\u2013 Bjorn Hvinden, Steffen Mau and Peter Taylor-Gooby<\/li>\n<\/ul>\n<p><em><strong>One book of proceedings from National conference on &#8220;Future of the Slovenian welfare state&#8221;<\/strong><\/em><\/p>\n<p>Filipovic Hrast, Ma\u0161a, Rakar, Tatjana (eds). <a href=\"https:\/\/knjigarna.fdv.si\/knjige\/sociologija\/i_738_prihodnost-slovenske-drzave-blaginje\">Zbornik povzetkov iz konference Prihodnost slovenske dr\u017eave blaginje<\/a>, 24. 5. 2017, FDV, Univerza v Ljubljani. Ljubljana: Zalo\u017eba FDV. 2017.<\/p>\n<p><em><strong>Papers presented at the 2016 annual ESPAnet Conference, Rotterdam, 1-2 September 2016<\/strong><\/em><\/p>\n<ul>\n<li><a href=\"http:\/\/blogs.kent.ac.uk\/welfsoc\/files\/2015\/05\/Leruth-Benjamin-Welfare-State-Futures-Prospects-and-Cuts.pdf\">Welfare State Futures, Prospects and Cuts: Using Democratic Forums to Investigate Attitudes to Welfare<\/a><br \/>\nBenjamin Leruth<\/li>\n<li><a href=\"http:\/\/blogs.kent.ac.uk\/welfsoc\/files\/2015\/05\/Larsen-Christian-Albrekt.pdf\">European welfare chauvinism: A study of deliberative forums in five countries <\/a><br \/>\nChristian Albrekt Larsen, Morten Frederiksen, Mathias Herup Nielsen &amp; J\u00f8rgen Goul Andersen<\/li>\n<li><a href=\"http:\/\/blogs.kent.ac.uk\/welfsoc\/files\/2015\/05\/Rakar-Tatjana-Future-responsibilities-towards-the-elderly-a-comparative-analysis-of-welfare-state-attitudes-and-expectations-in-Norway-and-Slovenia.pdf\">Future responsibilities towards the elderly: a comparative analysis of welfare state attitudes and expectations in Norway and Slovenia <\/a><br \/>\nMa\u0161a Filipovi\u010d Hrast, Prof. Bj\u00f8rn Hvinden, Dr. Kjetil Klette Boehler, Dr. Tatjana Rakar, Mi Ah Sch\u00f8yen &amp; Vegard S Svag\u00e5rd<\/li>\n<li><a href=\"http:\/\/blogs.kent.ac.uk\/welfsoc\/files\/2015\/05\/Zimmermann-Katharina-Attitudes-towards-taxation-a-moving-target-A-procedural-perspective.pdf\">Changing preferences towards redistribution: How deliberation shapes welfare attitudes<\/a><br \/>\nKatharina Zimmermann &amp; Jan-Ocko Heuer<\/li>\n<li><a href=\"http:\/\/blogs.kent.ac.uk\/welfsoc\/files\/2015\/05\/Heuer-Jan-Ocko-State-market-or-family-Attributions-of-responsibility-for-social-policies-by-the-population-in-the-British-and-German-welfare-state-regime.pdf\">Attitudes towards the welfare mix: How citizens in Germany and the United Kingdom attribute responsibilities for social welfare to state, market, and family \u2013 and why<\/a><br \/>\nJan-Ocko Heuer, Benjamin Leruth, Steffen Mau &amp; Katharina Zimmermann<\/li>\n<\/ul>\n<p><em><strong>Papers presented at the 2015 annual ESPAnet Conference, Odense, 4 September 2015<\/strong><\/em><\/p>\n<ul>\n<li><a href=\"http:\/\/blogs.kent.ac.uk\/welfsoc\/files\/2015\/05\/Heuer-Mau-Stretching-the-Limits-of-Solidarity-Draft-Chapter-Germany-2015-08-13.pdf\">Stretching the limits of solidarity: The German case<\/a><br \/>\n<em>Dr. Jan-Ocko Heuer and Prof. Steffen Mau, Humboldt University of Berlin<\/em><\/li>\n<li><a href=\"http:\/\/blogs.kent.ac.uk\/welfsoc\/files\/2015\/05\/UK-background-paper.docx\">Where next for the UK welfare state?<\/a><br \/>\n<em>Prof. Peter Taylor-Gooby, Dr. Benjamin Leruth and Dr. Heejung Chung, University of Kent<br \/>\n<a href=\"http:\/\/blogs.kent.ac.uk\/welfsoc\/files\/2015\/05\/Where-next-for-the-UK-Welfare-State-ESPAnet-1.pptx\">PowerPoint presentation<\/a><br \/>\n<\/em><\/li>\n<li><a href=\"http:\/\/blogs.kent.ac.uk\/welfsoc\/files\/2015\/05\/The-devil-of-the-details-Albrekt-Larsen.pdf\">The devils of the details: Danish welfare chauvinism across policy programs and migrant groups <\/a><br \/>\n<em>Prof. Christian Albrekt Larsen, Aalborg University<\/em><\/li>\n<li><a href=\"http:\/\/blogs.kent.ac.uk\/welfsoc\/files\/2015\/05\/Draft_Paper_FilipovicHrastRakar.pdf\">The future of welfare state and challenges to solidarity in Slovenia<\/a><br \/>\n<em>Dr. Ma\u0161a Filipovi\u010d Hrast and Dr. Tatjana Rakar, University of Ljubljana<\/em><\/li>\n<\/ul>\n<p><em><strong>Papers presented at the first WelfSOC co-ordination conference, London, 12-13 February 2015<\/strong><\/em><\/p>\n<ul>\n<li><a href=\"http:\/\/blogs.kent.ac.uk\/welfsoc\/files\/2015\/05\/Deliberative-Forums-discussion-paper-PTG.docx\">Deliberative Forums &#8211; discussion paper<\/a><br \/>\n<em>Prof. Peter Taylor-Gooby, University of Kent<\/em><\/li>\n<li><a href=\"http:\/\/blogs.kent.ac.uk\/welfsoc\/files\/2015\/05\/Research-Design-discussion-paper-PTG.docx\">Research Design &#8211; discussion paper\u00a0<\/a><br \/>\n<em>Prof. Peter Taylor-Gooby, University of Kent<\/em><\/li>\n<li><a href=\"http:\/\/blogs.kent.ac.uk\/welfsoc\/files\/2015\/05\/Norface-Deliberative-Forums-Elstub.docx\">Deliberative Forums in Attitude R<\/a><a href=\"http:\/\/blogs.kent.ac.uk\/welfsoc\/files\/2015\/05\/Norface-Deliberative-Forums-Elstub.docx\">esearch: Practical Issues<br \/>\n<\/a><em>Dr. Stephen Elstub,\u00a0University of the West of Scotland<\/em><\/li>\n<\/ul>\n<p><strong><em>WelfSOC background papers<\/em><\/strong><\/p>\n<p>These background papers were prepared by each national team in order to reflect on past, present and future challenges for the welfare state in each country. It offers a review of welfare policies and attitude data. In addition, a comparative European background paper explores policy responses to the Great Recession and most recent attitudinal data in comparative perspective.<\/p>\n<ul>\n<li><a href=\"http:\/\/blogs.kent.ac.uk\/welfsoc\/files\/2015\/05\/UK-background-paper1.docx\">United Kingdom<\/a><\/li>\n<li><a href=\"http:\/\/blogs.kent.ac.uk\/welfsoc\/files\/2015\/05\/Germany.doc\">Germany<\/a><\/li>\n<li><a href=\"http:\/\/blogs.kent.ac.uk\/welfsoc\/files\/2015\/05\/Background-paper-Denmark.docx\">Denmark<\/a><\/li>\n<li><a href=\"http:\/\/blogs.kent.ac.uk\/welfsoc\/files\/2015\/05\/S\u00f8rvoll-2015-Norface-Nwelfare-state.docx.pdf\">Norway<\/a><\/li>\n<li><a href=\"http:\/\/blogs.kent.ac.uk\/welfsoc\/files\/2015\/05\/Draft_Paper_FilipovicHrastRakar.pdf\">Slovenia<\/a><\/li>\n<li><a href=\"http:\/\/blogs.kent.ac.uk\/welfsoc\/files\/2015\/05\/WelfSOC-Comparative-Background-Paper.docx\">Comparative background paper<\/a><\/li>\n<\/ul>\n","protected":false},"excerpt":{"rendered":"<p>On this page, you will find a series of WelfSOC-related documents, working papers, datasets and background information prepared by the research teams involved in this &hellip; <a href=\"https:\/\/blogs.kent.ac.uk\/welfsoc\/our-publications\/\">Read&nbsp;more<\/a><\/p>\n","protected":false},"author":40586,"featured_media":0,"parent":0,"menu_order":0,"comment_status":"closed","ping_status":"closed","template":"","meta":[],"_links":{"self":[{"href":"https:\/\/blogs.kent.ac.uk\/welfsoc\/wp-json\/wp\/v2\/pages\/16"}],"collection":[{"href":"https:\/\/blogs.kent.ac.uk\/welfsoc\/wp-json\/wp\/v2\/pages"}],"about":[{"href":"https:\/\/blogs.kent.ac.uk\/welfsoc\/wp-json\/wp\/v2\/types\/page"}],"author":[{"embeddable":true,"href":"https:\/\/blogs.kent.ac.uk\/welfsoc\/wp-json\/wp\/v2\/users\/40586"}],"replies":[{"embeddable":true,"href":"https:\/\/blogs.kent.ac.uk\/welfsoc\/wp-json\/wp\/v2\/comments?post=16"}],"version-history":[{"count":37,"href":"https:\/\/blogs.kent.ac.uk\/welfsoc\/wp-json\/wp\/v2\/pages\/16\/revisions"}],"predecessor-version":[{"id":305,"href":"https:\/\/blogs.kent.ac.uk\/welfsoc\/wp-json\/wp\/v2\/pages\/16\/revisions\/305"}],"wp:attachment":[{"href":"https:\/\/blogs.kent.ac.uk\/welfsoc\/wp-json\/wp\/v2\/media?parent=16"}],"curies":[{"name":"wp","href":"https:\/\/api.w.org\/{rel}","templated":true}]}}