{"id":37,"date":"2016-03-04T15:26:08","date_gmt":"2016-03-04T15:26:08","guid":{"rendered":"http:\/\/blogs.kent.ac.uk\/trulife\/?page_id=37"},"modified":"2017-02-13T18:06:34","modified_gmt":"2017-02-13T18:06:34","slug":"related-research-communities","status":"publish","type":"page","link":"https:\/\/blogs.kent.ac.uk\/trulife\/related-research-communities\/","title":{"rendered":"Related Research Communities"},"content":{"rendered":"<p><strong>Affiliate or associate research communities:<\/strong><\/p>\n<p><a href=\"http:\/\/www.acumengroup.org\/\">Assembly from Comparative Urbanisation and the Material Environment<\/a>\u00a0(ACUMEN)<\/p>\n<p><a href=\"http:\/\/ihopenet.org\/\">Integrated History and future of People on Earth<\/a> (IHOPE)<\/p>\n<p><a href=\"http:\/\/www.mistraurbanfutures.org\/en\">MISTRA Urban Futures<\/a>\u00a0(MISTRA)<\/p>\n<p><a href=\"http:\/\/www.stockholmresilience.org\/\">Stockholm Resilience Centre<\/a><\/p>\n<p><a href=\"http:\/\/www.fanj.cult.cu\/index.html\">Fundaci\u00f3n\u00a0Antonio N\u00fa\u00f1ez Jim\u00e9nez<\/a><\/p>\n<p><a href=\"http:\/\/princes-foundation.org\/\">Prince&#8217;s Foundation for Building Community<\/a><\/p>\n<p><strong>Related research projects and communities:<\/strong><\/p>\n<p><a href=\"http:\/\/www.lamanai.org.uk\">Lamanai Archaeology Project<\/a> (led by Elizabeth Graham, UCL)<\/p>\n<p><a href=\"https:\/\/shesc.asu.edu\/research\/research-topic\/urban-organization-through-ages-neighborhoods-open-spaces-urban-life\">Urban Organization Through the Ages<\/a> (Arizona State University)<\/p>\n<p><a href=\"http:\/\/urbnet.au.dk\/\">Centre for Urban Network Evolutions<\/a> (University of Aarhus)<\/p>\n<p><a href=\"http:\/\/www.urbanform.org\/\">International Seminar on Urban Form<\/a> (ISUF)<\/p>\n<p>&nbsp;<\/p>\n","protected":false},"excerpt":{"rendered":"<p>Affiliate or associate research communities: Assembly from Comparative Urbanisation and the Material Environment\u00a0(ACUMEN) Integrated History and future of People on&hellip; <a class=\"read-more\" href=\"https:\/\/blogs.kent.ac.uk\/trulife\/related-research-communities\/\">Read more <span class=\"screen-reader-text\">Related Research Communities<\/span><\/a><\/p>\n","protected":false},"author":41320,"featured_media":0,"parent":0,"menu_order":0,"comment_status":"closed","ping_status":"closed","template":"","meta":[],"_links":{"self":[{"href":"https:\/\/blogs.kent.ac.uk\/trulife\/wp-json\/wp\/v2\/pages\/37"}],"collection":[{"href":"https:\/\/blogs.kent.ac.uk\/trulife\/wp-json\/wp\/v2\/pages"}],"about":[{"href":"https:\/\/blogs.kent.ac.uk\/trulife\/wp-json\/wp\/v2\/types\/page"}],"author":[{"embeddable":true,"href":"https:\/\/blogs.kent.ac.uk\/trulife\/wp-json\/wp\/v2\/users\/41320"}],"replies":[{"embeddable":true,"href":"https:\/\/blogs.kent.ac.uk\/trulife\/wp-json\/wp\/v2\/comments?post=37"}],"version-history":[{"count":7,"href":"https:\/\/blogs.kent.ac.uk\/trulife\/wp-json\/wp\/v2\/pages\/37\/revisions"}],"predecessor-version":[{"id":84,"href":"https:\/\/blogs.kent.ac.uk\/trulife\/wp-json\/wp\/v2\/pages\/37\/revisions\/84"}],"wp:attachment":[{"href":"https:\/\/blogs.kent.ac.uk\/trulife\/wp-json\/wp\/v2\/media?parent=37"}],"curies":[{"name":"wp","href":"https:\/\/api.w.org\/{rel}","templated":true}]}}