{"id":20,"date":"2016-03-03T12:03:27","date_gmt":"2016-03-03T12:03:27","guid":{"rendered":"http:\/\/blogs.kent.ac.uk\/trulife\/?page_id=20"},"modified":"2017-02-13T12:09:08","modified_gmt":"2017-02-13T12:09:08","slug":"network-members","status":"publish","type":"page","link":"https:\/\/blogs.kent.ac.uk\/trulife\/network-members\/","title":{"rendered":"TruLife Network Members"},"content":{"rendered":"<p><strong>Principal Investigator:\u00a0<\/strong><a href=\"https:\/\/www.kent.ac.uk\/secl\/classics\/staff\/vis.html\">Benjamin N. Vis<\/a> (University of Kent)<\/p>\n<p><strong>Co-Investigator:<\/strong> <a href=\"http:\/\/www.gu.se\/english\/about_the_university\/staff\/?languageId=100001&amp;userId=xisech\">Christian Isendahl<\/a> (University of Gothenburg)<\/p>\n<p><strong>Steering Group (includes investigators named above):<\/strong><\/p>\n<p><a href=\"https:\/\/www.universiteitleiden.nl\/en\/staffmembers\/karsten-lambers\">Karsten Lambers<\/a> (Leiden University)<\/p>\n<p><a href=\"http:\/\/www.ucl.ac.uk\/archaeology\/people\/staff\/graham\">Elizabeth Graham<\/a> (UCL)<\/p>\n<p><a href=\"https:\/\/www.kent.ac.uk\/architecture\/staff\/academic\/nikolopoulou_marialena.html\">Marialena Nikolopoulou<\/a>\u00a0(University of Kent)<\/p>\n<p><strong>Network members:<\/strong><\/p>\n<p>Stephan Barthel (University of G\u00e4vle\/Stockholm Resilience Centre)<\/p>\n<p>Axel Drescher (Albert-Ludwigs University Freiburg\/University of Kassel)<\/p>\n<p>Matthew Hardy (Prince&#8217;s Foundation)<\/p>\n<p>Peter Kellet (University of Newcastle)<\/p>\n<p>Lars Marcus (Chalmers University)<\/p>\n<p>Heikki Set\u00e4l\u00e4 (University of Helsinki)<\/p>\n<p>Julia Stegemann (UCL)<\/p>\n<p>Arjan van Timmeren (TU Delft)<\/p>\n<p><strong>Contributors and expert invitees:<\/strong><\/p>\n<p>Richard Beaven (University of Southampton)<\/p>\n<p>Lena Ciric (UCL)<\/p>\n<p>Maria Caridad Cruz (<a href=\"http:\/\/www.fanj.cult.cu\/index.html\">Fundaci\u00f3n\u00a0Antonio N\u00fa\u00f1ez Jim\u00e9nez<\/a>)<\/p>\n<p>Nicholas Dunning (University of Cincinnati)<\/p>\n<p>Daniel Evans (University of Lancaster)<\/p>\n<p>Jan Kolen (Leiden University\/CGHD)<\/p>\n<p>Evangelos Kyriakidis (University of Kent)<\/p>\n<p>Akkelies van Nes (TU Delft)<\/p>\n<p>Iken Paap (Ibero-Amerikanisches Institut)<\/p>\n<p>Heather Richards-Rissetto (University of Lincoln-Nebraska)<\/p>\n<p>David Simon (Chalmers University\/MISTRA Urban Futures)<\/p>\n<p>Cornelis Stal (University of Ghent\/Ghent University College)<\/p>\n<p>Hannah St\u00f6ger (Leiden University)<\/p>\n","protected":false},"excerpt":{"rendered":"<p>Principal Investigator:\u00a0Benjamin N. Vis (University of Kent) Co-Investigator: Christian Isendahl (University of Gothenburg) Steering Group (includes investigators named above): Karsten&hellip; <a class=\"read-more\" href=\"https:\/\/blogs.kent.ac.uk\/trulife\/network-members\/\">Read more <span class=\"screen-reader-text\">TruLife Network Members<\/span><\/a><\/p>\n","protected":false},"author":41320,"featured_media":0,"parent":0,"menu_order":0,"comment_status":"closed","ping_status":"closed","template":"","meta":[],"_links":{"self":[{"href":"https:\/\/blogs.kent.ac.uk\/trulife\/wp-json\/wp\/v2\/pages\/20"}],"collection":[{"href":"https:\/\/blogs.kent.ac.uk\/trulife\/wp-json\/wp\/v2\/pages"}],"about":[{"href":"https:\/\/blogs.kent.ac.uk\/trulife\/wp-json\/wp\/v2\/types\/page"}],"author":[{"embeddable":true,"href":"https:\/\/blogs.kent.ac.uk\/trulife\/wp-json\/wp\/v2\/users\/41320"}],"replies":[{"embeddable":true,"href":"https:\/\/blogs.kent.ac.uk\/trulife\/wp-json\/wp\/v2\/comments?post=20"}],"version-history":[{"count":3,"href":"https:\/\/blogs.kent.ac.uk\/trulife\/wp-json\/wp\/v2\/pages\/20\/revisions"}],"predecessor-version":[{"id":76,"href":"https:\/\/blogs.kent.ac.uk\/trulife\/wp-json\/wp\/v2\/pages\/20\/revisions\/76"}],"wp:attachment":[{"href":"https:\/\/blogs.kent.ac.uk\/trulife\/wp-json\/wp\/v2\/media?parent=20"}],"curies":[{"name":"wp","href":"https:\/\/api.w.org\/{rel}","templated":true}]}}