{"id":557,"date":"2015-06-24T10:28:30","date_gmt":"2015-06-24T10:28:30","guid":{"rendered":"http:\/\/blogs.kent.ac.uk\/studio3gallery\/?page_id=557"},"modified":"2016-12-16T11:31:15","modified_gmt":"2016-12-16T11:31:15","slug":"beautifully-obscene-the-history-of-the-erotic-print","status":"publish","type":"page","link":"https:\/\/blogs.kent.ac.uk\/studio3gallery\/past-exhibitions\/beautifully-obscene-the-history-of-the-erotic-print\/","title":{"rendered":"Beautifully Obscene: The History of the Erotic Print"},"content":{"rendered":"<p><a href=\"http:\/\/blogs.kent.ac.uk\/studio3gallery\/files\/2015\/04\/postcard-cover1.jpg\"><img loading=\"lazy\" class=\"aligncenter size-full wp-image-539\" src=\"http:\/\/blogs.kent.ac.uk\/studio3gallery\/files\/2015\/04\/postcard-cover1.jpg\" alt=\"postcard cover(1)\" width=\"1748\" height=\"1240\" srcset=\"https:\/\/blogs.kent.ac.uk\/studio3gallery\/files\/2015\/04\/postcard-cover1.jpg 1748w, https:\/\/blogs.kent.ac.uk\/studio3gallery\/files\/2015\/04\/postcard-cover1-300x213.jpg 300w, https:\/\/blogs.kent.ac.uk\/studio3gallery\/files\/2015\/04\/postcard-cover1-1024x726.jpg 1024w, https:\/\/blogs.kent.ac.uk\/studio3gallery\/files\/2015\/04\/postcard-cover1-624x443.jpg 624w\" sizes=\"(max-width: 1748px) 100vw, 1748px\" \/><\/a><\/p>\n<p>Beautifully Obscene: The History of the Erotic Print<\/p>\n<p><strong>15 May \u2013 12\u00a0June 2015 <\/strong><\/p>\n<p><strong>Monday \u2013 Friday, 9am-5pm, Closed Bank Holidays, Admission Free<\/strong><\/p>\n<p><strong>Private View and Catalogue Launch: 15 May, 6-8pm<\/strong><\/p>\n<p>Studio 3 Gallery was pleased to present <em>Beautifully Obscene: The History of the Erotic Print<\/em>. Featuring over 30 works from across Europe and Japan and spanning the course of 500 years, the exhibition incorporated the different approaches used by artists in order to explore themes of sexuality, gender roles and power. The show explored Sir Kenneth Clark\u2019s famous distinction between the socially-acceptable \u2018nude\u2019, and the socially-pejorative \u2018naked\u2019 body, with the majority of the works included arguably belonging to the latter category. Beautifully Obscene not only presented viewers with a comprehensive study of the aesthetics of the human form and sexuality, but also challenged our deeply ingrained discomfort with erotic visual representations, and suggested that beauty can in fact be found in the obscene.<\/p>\n<p>Prints have historically been affordable ways to rapidly and economically reproduce and disseminate images, and this has created a rich legacy of erotic art. As well as showing how these themes have evolved across centuries and continents, this exhibition documented how the viewers\u2019 relationship to the image has shifted over time. Many of the older examples in the show come from books or pamphlets where they could be viewed intimately and privately. More recent and contemporary works were intended to be shown in a gallery setting, so expand the scale of the body, confronting the viewer directly.<\/p>\n<p>The featured artists have represented motifs such as the classical nude of Western Antiquity, modern French eroticism, through to the explicit prints of 18<sup><span style=\"font-size: small\">th<\/span><\/sup> century Japanese S<em>hunga<\/em>, and contemporary meditations on the human form and sexuality. This exhibition explored what we reveal and what we conceal, and the hidden educational and religious connotations that the erotic can harbor. It questions societal fears of the explicit and the pornographic, tackling themes of sexuality, gender and the role of the erotic in a diverse range of cultures and eras. The principle aim of <em>Beautifully Obscene<\/em> is to study the aesthetics of the human form and sexuality; in order to challenge the deeply ingrained preconceptions against erotic visual representations, and to emphasize that beauty can in fact be found in the obscene.<\/p>\n<p>Artists include: <strong>Pietro Aquila, Pietro Santi Bartoli, Monika Beisner, Jan de Bisschop, Emma Bradford, Simone Cantarini, Stephen Chambers, Marianne Clouzot, Gabriel Dauchot, Angele Delasalle, Roland Delcol ,Amandine Dore, Tracey Emin, Brad Faine, Henri Fantin-Latour, Valentin Le Fevre, Ian Hamilton Finlay, Othon Friesz, Frans de Geetre, Paul Guiramand, Sarah Hardacre, William Hogarth, Anita Klein, Rudolf Koch, Antonio Lafrery, Martin Van Maele , Albert Marquet, Henri Matisse, Patricia Nik-Dad, Pablo Picasso, Andr\u00e9 Provot, Felicien Rops, Berthomm\u00e9 de Saint-Andr\u00e9, Alex Varenne, Marcel Vertes , Denis Volx, Lucas Vorsterman, and Shane Wheatcroft.<\/strong><\/p>\n<p>This exhibition\u00a0was organised by students from the Print Collecting and Curating Module at the University of Kent\u2019s School of Arts. This course gives students the opportunity both to curate a museum-quality exhibition of their design and to acquire prints for the Kent Print Collection. In thinking about this exhibition, this year\u2019s students wished to address the lack of erotic art in the permanent collection and to explore the rich and varied history of sensuality and eroticism depicted in print.<\/p>\n<p>Image credit: Kitagawa Utamaro, <em>Prelude to Desire <\/em>(1799, later printing from a re-carved block-set c. 1890-1910)<\/p>\n","protected":false},"excerpt":{"rendered":"<p>Beautifully Obscene: The History of the Erotic Print 15 May \u2013 12\u00a0June 2015 Monday \u2013 Friday, 9am-5pm, Closed Bank Holidays, Admission Free Private View and Catalogue Launch: 15 May, 6-8pm Studio 3 Gallery was pleased to present Beautifully Obscene: The History of the Erotic Print. Featuring over 30 works from across Europe and Japan and &hellip; <a href=\"https:\/\/blogs.kent.ac.uk\/studio3gallery\/past-exhibitions\/beautifully-obscene-the-history-of-the-erotic-print\/\" class=\"more-link\">Continue reading <span class=\"screen-reader-text\">Beautifully Obscene: The History of the Erotic Print<\/span><\/a><\/p>\n","protected":false},"author":65798,"featured_media":0,"parent":19,"menu_order":7,"comment_status":"closed","ping_status":"closed","template":"","meta":[],"_links":{"self":[{"href":"https:\/\/blogs.kent.ac.uk\/studio3gallery\/wp-json\/wp\/v2\/pages\/557"}],"collection":[{"href":"https:\/\/blogs.kent.ac.uk\/studio3gallery\/wp-json\/wp\/v2\/pages"}],"about":[{"href":"https:\/\/blogs.kent.ac.uk\/studio3gallery\/wp-json\/wp\/v2\/types\/page"}],"author":[{"embeddable":true,"href":"https:\/\/blogs.kent.ac.uk\/studio3gallery\/wp-json\/wp\/v2\/users\/65798"}],"replies":[{"embeddable":true,"href":"https:\/\/blogs.kent.ac.uk\/studio3gallery\/wp-json\/wp\/v2\/comments?post=557"}],"version-history":[{"count":2,"href":"https:\/\/blogs.kent.ac.uk\/studio3gallery\/wp-json\/wp\/v2\/pages\/557\/revisions"}],"predecessor-version":[{"id":627,"href":"https:\/\/blogs.kent.ac.uk\/studio3gallery\/wp-json\/wp\/v2\/pages\/557\/revisions\/627"}],"up":[{"embeddable":true,"href":"https:\/\/blogs.kent.ac.uk\/studio3gallery\/wp-json\/wp\/v2\/pages\/19"}],"wp:attachment":[{"href":"https:\/\/blogs.kent.ac.uk\/studio3gallery\/wp-json\/wp\/v2\/media?parent=557"}],"curies":[{"name":"wp","href":"https:\/\/api.w.org\/{rel}","templated":true}]}}