{"id":1009,"date":"2025-02-26T11:37:32","date_gmt":"2025-02-26T11:37:32","guid":{"rendered":"https:\/\/blogs.kent.ac.uk\/shark\/?page_id=1009"},"modified":"2025-02-26T11:41:11","modified_gmt":"2025-02-26T11:41:11","slug":"andrea-vera-suarez","status":"publish","type":"page","link":"https:\/\/blogs.kent.ac.uk\/shark\/andrea-vera-suarez\/","title":{"rendered":"Andrea Vera Su\u00e1rez"},"content":{"rendered":"<p><img loading=\"lazy\" class=\"wp-image-1016 aligncenter\" src=\"http:\/\/blogs.kent.ac.uk\/shark\/files\/2025\/02\/andrea.jpeg\" alt=\"\" width=\"242\" height=\"345\" \/><\/p>\n<p>Andrea is currently a PhD student at the University of La Laguna, where she is a member of a research team focused on the problem of animal abuse. Andrea&#8217;s academic interests lie mainly in social psychology, with particular emphasis on legal psychology and environmental psychology. Specifically, she is exploring the psychosocial variables that influence the general population&#8217;s perceptions of animal abuse and their tendencies to react to it. Additionally, she is examining whether these reactions vary across different categories of animals<\/p>\n<p><em>Key Publications:<\/em><br \/>\nMart\u00edn, A. M., Vera, A., Marrero, R. J., y Hern\u00e1ndez, B. (2023). Bystanders\u2019 reactions to animal abuse in relation to psychopathy, empathy with people and empathy with nature. Frontiers in psychology, 14, 1124162. http:\/\/doi.org\/10.3389\/fpsyg.2023.1124162<br \/>\nVera, A., Ruiz, C., y Martin, A. M. (2023). Reactions against farm animal abuse: The role of animal attitude and speciesism. Acci\u00f3n Psicol\u00f3gica, 20(2), 29-42. https:\/\/doi.org\/10.5944\/ap.20.2<br \/>\nVera, A., Hern\u00e1ndez, B. y Mart\u00edn, A.M. (2024). Diferencias en la percepci\u00f3n social del maltrato de animales protegidos y dom\u00e9sticos. En Seijo, D., Pineda, D y Fari\u00f1a, F. (Eds.), Nuevas aportaciones basadas en evidencia cient\u00edfica a la pr\u00e1ctica de la Psicolog\u00eda Jur\u00eddica y Forense (p\u00e1gs. 246-263). Universidad Miguel Hern\u00e1ndez de Elche. ISBN: 978-84-18177-60-6<br \/>\nVera, A., Hern\u00e1ndez, B., Hess, S. y Mart\u00edn, A.M. (in review). Pets, protected and farm animals: The three perceptual spaces of animal abuse. Frontiers in Psychology.<\/p>\n","protected":false},"excerpt":{"rendered":"<p>Andrea is currently a PhD student at the University of La Laguna, where she is a member of a research team focused on the problem of animal abuse. Andrea&#8217;s academic interests lie mainly in social psychology, with particular emphasis on legal psychology and environmental psychology. Specifically, she is exploring the psychosocial variables that influence the [&hellip;]<\/p>\n","protected":false},"author":84686,"featured_media":0,"parent":0,"menu_order":0,"comment_status":"closed","ping_status":"closed","template":"","meta":[],"_links":{"self":[{"href":"https:\/\/blogs.kent.ac.uk\/shark\/wp-json\/wp\/v2\/pages\/1009"}],"collection":[{"href":"https:\/\/blogs.kent.ac.uk\/shark\/wp-json\/wp\/v2\/pages"}],"about":[{"href":"https:\/\/blogs.kent.ac.uk\/shark\/wp-json\/wp\/v2\/types\/page"}],"author":[{"embeddable":true,"href":"https:\/\/blogs.kent.ac.uk\/shark\/wp-json\/wp\/v2\/users\/84686"}],"replies":[{"embeddable":true,"href":"https:\/\/blogs.kent.ac.uk\/shark\/wp-json\/wp\/v2\/comments?post=1009"}],"version-history":[{"count":4,"href":"https:\/\/blogs.kent.ac.uk\/shark\/wp-json\/wp\/v2\/pages\/1009\/revisions"}],"predecessor-version":[{"id":1018,"href":"https:\/\/blogs.kent.ac.uk\/shark\/wp-json\/wp\/v2\/pages\/1009\/revisions\/1018"}],"wp:attachment":[{"href":"https:\/\/blogs.kent.ac.uk\/shark\/wp-json\/wp\/v2\/media?parent=1009"}],"curies":[{"name":"wp","href":"https:\/\/api.w.org\/{rel}","templated":true}]}}