{"id":38,"date":"2020-01-07T15:44:55","date_gmt":"2020-01-07T15:44:55","guid":{"rendered":"http:\/\/blogs.kent.ac.uk\/pspacek\/?page_id=38"},"modified":"2021-07-16T14:11:16","modified_gmt":"2021-07-16T13:11:16","slug":"conferences","status":"publish","type":"page","link":"https:\/\/blogs.kent.ac.uk\/pspacek\/conferences\/","title":{"rendered":"Conferences, workshops and seminars attended"},"content":{"rendered":"<p><a href=\"http:\/\/blogs.kent.ac.uk\/pspacek\/updates\/\">Update<\/a>:<br \/>\nThe conference on Lie theory I am co-organizing at the University of Kent, UK, has been postponed.<\/p>\n<p>Events where I presented a <a href=\"http:\/\/blogs.kent.ac.uk\/pspacek\/talks\/\">talk<\/a> have a \u2055.<\/p>\n<p>2021<\/p>\n<ul>\n<li>Conference\u00a0 &#8220;<a href=\"https:\/\/www.impan.pl\/en\/activities\/banach-center\/conferences\/20-impanga\">IMPANGA 20<\/a>&#8220;, online, Bedlewo, Poland, 12-16\/07\/2021 \u2055<\/li>\n<li>Summer school &#8220;<a href=\"https:\/\/indico.math.cnrs.fr\/event\/5382\/\">Enumerative geometry, Physics and Representation Theory<\/a>&#8220;, online, IH\u00c9S, Paris, France, 05-16\/07\/2021<\/li>\n<li>Summer school &#8220;<a href=\"https:\/\/www.math.tecnico.ulisboa.pt\/~efranco\/SMSMS\/2021.html\">On Mirror Symmetry and Moduli Spaces 2021<\/a>&#8220;, online, U. Lisboa, Portugal, 29-30\/06\/2021<\/li>\n<li>Workshop &#8220;<a href=\"https:\/\/sites.google.com\/view\/mpim-workshop-compact-stab\">Compactifications of stability manifolds<\/a>&#8220;, online, MPIM Bonn, Germany, 18\/05\/2021<\/li>\n<li><a href=\"https:\/\/calfseminar.weebly.com\/\">Calf<\/a> &#8211; Junior COW Algebraic Geometry Seminar, online \u2055<\/li>\n<li><a href=\"https:\/\/magma.maths.usyd.edu.au\/~kasprzyk\/seminars\/ag.html\">Nottingham Algebraic Geometry<\/a> seminar, online<\/li>\n<\/ul>\n<h4>2020<\/h4>\n<ul>\n<li>Conference &#8220;<a href=\"https:\/\/www.cirm-math.com\/virtual2221.html\">Quantum Groups and Cohomology Theory of Quiver and Flag Varieties<\/a>&#8221; (online, CIRM Marseille, France), 16\/12\/2020 \u2055<\/li>\n<li><a href=\"https:\/\/www.math-stockholm.se\/en\/kalender?date=2020-12-01&amp;length=31\">Stockholm Mathematics Center<\/a>, Algebra &amp; Geometry seminar online, Stockholm U., Sweden, 04\/12\/2020:\u2055<\/li>\n<li><a href=\"http:\/\/cow.alggeo.xyz\/summerschool2020.html\">COW\/EmSG\/GLEN joint summer school<\/a>, online, 07-11\/09 \u2055<\/li>\n<li><a href=\"https:\/\/magma.maths.usyd.edu.au\/~kasprzyk\/seminars\/ag.html\">Nottingham Algebraic Geometry<\/a> seminar, online<\/li>\n<li><a href=\"https:\/\/calfseminar.weebly.com\/\">Calf<\/a> &#8211; Junior COW Algebraic Geometry Seminar, online, 22\/05 &amp; 12\/06<\/li>\n<li>Mini-workshop \u201c<a href=\"https:\/\/www.mfo.de\/occasion\/2009b\/www_view\">Superpotentials in algebra and geometry<\/a>\u201d,<br \/>\nMathematisches Forschungsinstitut Oberwolfach, Germany, 24-28\/02 \u2055<\/li>\n<li>Calf &#8211; Junior COW Algebraic Geometry Seminar, UCL, UK, 28\/01<\/li>\n<\/ul>\n<h4>2019<\/h4>\n<ul>\n<li>Calf &#8211; Junior COW Algebraic Geometry Seminar, Cardiff U., UK, 29\/11<\/li>\n<li>COW Algebraic Geometry Seminar, U. of Warwick, UK, 23\/09<\/li>\n<li>Workshop \u201c<a href=\"https:\/\/sites.google.com\/view\/5cing\/\">Mirror Symmetry and Cluster Algebras<\/a>\u201d, U. of Cambridge, UK, 15-18\/07<\/li>\n<li>Conference \u201c<a href=\"https:\/\/sites.google.com\/outlook.com\/gael\/home\">G\u00e9om\u00e9trie Alg\u00e9brique en Libert\u00e9<\/a>\u201d, U. of Bucharest, Romania, 17-21\/06 \u2055<\/li>\n<li>Meeting \u201c<a href=\"https:\/\/www.bragmeeting.uk\/home\">4th British Algebraic Geometry<\/a>\u201d, U. of Liverpool, UK, 24-26\/04<\/li>\n<li>Workshop \u201c<a href=\"https:\/\/sites.google.com\/view\/tgrt2019\/home\">Tropical Geometry meets Representation Theory II<\/a>\u201d, U. of Leicester, UK,<br \/>\n08-12\/04 \u2055<\/li>\n<li>Conference \u201c<a href=\"https:\/\/sites.google.com\/view\/tylerkelly\/mirrors-in-the-midlands\">Mirrors in the Midlands<\/a>\u201d, U. of Birmingham, UK, 01-03\/04<\/li>\n<li>Workshop \u201c<a href=\"https:\/\/sites.google.com\/site\/gmplboro\/gmp2019\">Geometry and Mathematical Physics<\/a>\u201d, Loughborough U., UK, 27-30\/03<\/li>\n<\/ul>\n<h4>2018<\/h4>\n<ul>\n<li>Conference \u201c<a href=\"https:\/\/indico.math.cnrs.fr\/event\/2919\/\">Algebraic Groups<\/a>\u201d, U. of Lyon, France, 29\/10-02\/11<\/li>\n<li>Junior Algebraic Geometers\u2019 Seminar (U. of Warwick), 22\/10 \u2055<\/li>\n<li>\u201c<a href=\"http:\/\/jes.riess-web.com\/2018\/\">Japanese-European Symposium on Symplectic Varieties and Moduli Spaces<\/a>\u201d,<br \/>\nTokyo U. of Science, Japan, 27-31\/08<\/li>\n<li>Workshop \u201c<a href=\"https:\/\/userpage.fu-berlin.de\/petracci\/CAAG\/\">Cluster Algebras and Algebraic Geometry<\/a>\u201d, U. of Nottingham, UK, 11-14\/07 \u2055<\/li>\n<li>Workshop \u201c<a href=\"https:\/\/warwick.ac.uk\/fac\/sci\/maths\/research\/events\/2017-18\/nonsymposium\/gmp\/\">Geometry and Mathematical Physics<\/a>\u201d, U. of Warwick, UK, 09-10\/07<\/li>\n<li>COW Algebraic Geometry Seminar, U. of Oxford, UK, 06\/08<\/li>\n<li>LMS Hardy Lecture by Prof L. Williams, U. of Kent, 05\/07<\/li>\n<li>LMS Graduate Summer School &amp; General Meeting, London, UK, 29\/06<\/li>\n<li>Conference \u201c<a href=\"https:\/\/sites.google.com\/view\/gaelxxvi\/home\">G\u00e9om\u00e9trie Alg\u00e9brique en Libert\u00e9<\/a>\u201d, U. of Strasbourg, France, 18-22\/06<\/li>\n<li>GLEN Algebraic Geometry Seminar, U. of Sheffield, UK, 08-09\/02<\/li>\n<\/ul>\n<h4>2017<\/h4>\n<ul>\n<li>Masterclass \u201c<a href=\"https:\/\/www.lebesgue.fr\/content\/seminars-masterclass17\">Algebraic Stacks<\/a>\u201d, U. d&#8217;Angers, France, 19-21\/12<\/li>\n<li>Conference \u201cMirror Symmetry Days\u201d, U. of Kent, UK, 01-02\/11<\/li>\n<\/ul>\n","protected":false},"excerpt":{"rendered":"<p>Update: The conference on Lie theory I am co-organizing at the University of Kent, UK, has been postponed. Events where I presented a talk have&#8230;<\/p>\n<div class=\"more-link-wrapper\"><a class=\"more-link\" href=\"https:\/\/blogs.kent.ac.uk\/pspacek\/conferences\/\">Continue reading<span class=\"screen-reader-text\">Conferences, workshops and seminars attended<\/span><\/a><\/div>\n","protected":false},"author":56654,"featured_media":0,"parent":0,"menu_order":0,"comment_status":"closed","ping_status":"closed","template":"","meta":[],"_links":{"self":[{"href":"https:\/\/blogs.kent.ac.uk\/pspacek\/wp-json\/wp\/v2\/pages\/38"}],"collection":[{"href":"https:\/\/blogs.kent.ac.uk\/pspacek\/wp-json\/wp\/v2\/pages"}],"about":[{"href":"https:\/\/blogs.kent.ac.uk\/pspacek\/wp-json\/wp\/v2\/types\/page"}],"author":[{"embeddable":true,"href":"https:\/\/blogs.kent.ac.uk\/pspacek\/wp-json\/wp\/v2\/users\/56654"}],"replies":[{"embeddable":true,"href":"https:\/\/blogs.kent.ac.uk\/pspacek\/wp-json\/wp\/v2\/comments?post=38"}],"version-history":[{"count":16,"href":"https:\/\/blogs.kent.ac.uk\/pspacek\/wp-json\/wp\/v2\/pages\/38\/revisions"}],"predecessor-version":[{"id":185,"href":"https:\/\/blogs.kent.ac.uk\/pspacek\/wp-json\/wp\/v2\/pages\/38\/revisions\/185"}],"wp:attachment":[{"href":"https:\/\/blogs.kent.ac.uk\/pspacek\/wp-json\/wp\/v2\/media?parent=38"}],"curies":[{"name":"wp","href":"https:\/\/api.w.org\/{rel}","templated":true}]}}