{"id":37,"date":"2020-01-07T15:44:55","date_gmt":"2020-01-07T15:44:55","guid":{"rendered":"http:\/\/blogs.kent.ac.uk\/pspacek\/?page_id=37"},"modified":"2021-07-16T14:12:00","modified_gmt":"2021-07-16T13:12:00","slug":"talks","status":"publish","type":"page","link":"https:\/\/blogs.kent.ac.uk\/pspacek\/talks\/","title":{"rendered":"Talks"},"content":{"rendered":"<h2>External Talks<\/h2>\n<ul>\n<li>Conference\u00a0 &#8220;<a href=\"https:\/\/www.impan.pl\/en\/activities\/banach-center\/conferences\/20-impanga\">IMPANGA 20<\/a>&#8221; (online, Bedlewo, Poland), 14\/07\/2021:\n<div><em>Landau-Ginzburg models for the small quantum cohomology of cominuscule homogeneous spaces<\/em><\/div>\n<\/li>\n<li><a href=\"https:\/\/calfseminar.weebly.com\/\">COW Junior Algebraic Geometers&#8217; seminar<\/a> (online, UK), 18\/06\/2021:\n<div><em>Landau-Ginzburg models for the small quantum cohomology of cominuscule homogeneous spaces<\/em><\/div>\n<\/li>\n<li>Conference &#8220;<a href=\"https:\/\/www.cirm-math.com\/virtual2221.html\">Quantum Groups and Cohomology Theory of Quiver and Flag Varieties<\/a>&#8221; (online, CIRM Marseille, France), 16\/12\/2020:<br \/>\n<em><a>Mirror symmetry for cominuscule homogeneous spaces<\/a><\/em><\/li>\n<li><a href=\"https:\/\/www.math-stockholm.se\/en\/kalender?date=2020-12-01&amp;length=31\">Stockholm Mathematics Center<\/a>, Algebra &amp; Geometry seminar (online, Stockholm U., Sweden), 04\/12\/2020: <em>Mirror symmetry for cominuscule homogeneous spaces<\/em><\/li>\n<li><a href=\"http:\/\/cow.alggeo.xyz\/summerschool2020.html\">COW\/EmSG\/GLEN joint summer school<\/a> (online, UK), mini-presentation, 08\/08\/2020: <em>Laurent polynomial Landau-Ginzburg models for cominuscule homogeneous spaces<\/em><\/li>\n<li>Mini-workshop \u201c<a href=\"https:\/\/www.mfo.de\/occasion\/2009b\/www_view\">Superpotentials in algebra and geometry<\/a>\u201d<br \/>\n(Mathematisches Forschungsinstitut Oberwolfach, Germany), 25\/02\/20:<br \/>\n<em>Laurent polynomial potentials for cominuscule homogeneous spaces<\/em><\/li>\n<li>Conference\u00a0\u201c<a href=\"https:\/\/sites.google.com\/outlook.com\/gael\/home\">G\u00e9om\u00e9trie Alg\u00e9brique en Libert\u00e9<\/a>\u201d\u00a0 (U. of Bucharest, Romania), 21\/06\/19: <em>Introducing Mirror Symmetry for Homogeneous Spaces<\/em><\/li>\n<li>Workshop \u201c<a href=\"https:\/\/sites.google.com\/view\/tgrt2019\/home\">Tropical Geometry meets Representation Theory II<\/a>\u201d (U. of Leicester), 11\/04\/19: <em>Introducing Mirror Symmetry for Homogeneous Spaces<\/em><\/li>\n<li><a href=\"https:\/\/warwick.ac.uk\/fac\/sci\/maths\/research\/events\/seminars\/areas\/jaws\/\">Junior Algebraic geometry Warwick<\/a> Seminar (U. of Warwick), 22\/10\/18:<br \/>\n<em>Mirror Symmetry for Homogeneous Spaces<\/em><\/li>\n<li>Workshop \u201c<a href=\"https:\/\/userpage.fu-berlin.de\/petracci\/CAAG\/\">Cluster Algebras and Algebraic Geometry<\/a>\u201d (U. of Nottingham), 13\/07\/18: <em>Constructing a Mirror for the Cayley Plane<\/em><\/li>\n<\/ul>\n<h2>Local Talks<\/h2>\n<ul>\n<li>PGR Seminar, 07\/02\/20:<br \/>\n<em>Mirror Symmetry Illustrated<\/em><\/li>\n<li>Algebra Seminar, 31\/01\/20:<br \/>\n<em>Mirror Symmetry and Minuscule Representations<\/em><\/li>\n<li>PGR Seminar, 11\/10\/19:<br \/>\n<em>A practical introduction to LaTeX<\/em><\/li>\n<li>Reading Group on Kodama-Williams \u201cKP solitons and total positivity for the Grassmannian\u201d, 14\/02\/19:<br \/>\n<em>Reduced plabic graphs<\/em><\/li>\n<li>Algebra Seminar, 07\/12\/18:<br \/>\n<em>Constructing a mirror pair for the Cayley plane<\/em><\/li>\n<li>PGR Seminar, 16\/02\/18:<br \/>\n<em>Mirror Symmetry in 60 minutes<\/em><\/li>\n<li>PGR Seminar, 10\/11\/17:<br \/>\n<em>Overview of main subfields of Differential Geometry<\/em><\/li>\n<\/ul>\n","protected":false},"excerpt":{"rendered":"<p>External Talks Conference\u00a0 &#8220;IMPANGA 20&#8221; (online, Bedlewo, Poland), 14\/07\/2021: Landau-Ginzburg models for the small quantum cohomology of cominuscule homogeneous spaces COW Junior Algebraic Geometers&#8217; seminar&#8230;<\/p>\n<div class=\"more-link-wrapper\"><a class=\"more-link\" href=\"https:\/\/blogs.kent.ac.uk\/pspacek\/talks\/\">Continue reading<span class=\"screen-reader-text\">Talks<\/span><\/a><\/div>\n","protected":false},"author":56654,"featured_media":0,"parent":0,"menu_order":0,"comment_status":"closed","ping_status":"closed","template":"","meta":[],"_links":{"self":[{"href":"https:\/\/blogs.kent.ac.uk\/pspacek\/wp-json\/wp\/v2\/pages\/37"}],"collection":[{"href":"https:\/\/blogs.kent.ac.uk\/pspacek\/wp-json\/wp\/v2\/pages"}],"about":[{"href":"https:\/\/blogs.kent.ac.uk\/pspacek\/wp-json\/wp\/v2\/types\/page"}],"author":[{"embeddable":true,"href":"https:\/\/blogs.kent.ac.uk\/pspacek\/wp-json\/wp\/v2\/users\/56654"}],"replies":[{"embeddable":true,"href":"https:\/\/blogs.kent.ac.uk\/pspacek\/wp-json\/wp\/v2\/comments?post=37"}],"version-history":[{"count":15,"href":"https:\/\/blogs.kent.ac.uk\/pspacek\/wp-json\/wp\/v2\/pages\/37\/revisions"}],"predecessor-version":[{"id":186,"href":"https:\/\/blogs.kent.ac.uk\/pspacek\/wp-json\/wp\/v2\/pages\/37\/revisions\/186"}],"wp:attachment":[{"href":"https:\/\/blogs.kent.ac.uk\/pspacek\/wp-json\/wp\/v2\/media?parent=37"}],"curies":[{"name":"wp","href":"https:\/\/api.w.org\/{rel}","templated":true}]}}