{"id":16,"date":"2023-07-17T14:28:03","date_gmt":"2023-07-17T13:28:03","guid":{"rendered":"https:\/\/blogs.kent.ac.uk\/iwota2024\/?page_id=16"},"modified":"2024-08-11T00:44:00","modified_gmt":"2024-08-10T23:44:00","slug":"invited-speakers","status":"publish","type":"page","link":"https:\/\/blogs.kent.ac.uk\/iwota2024\/invited-speakers\/","title":{"rendered":"Invited Speakers"},"content":{"rendered":"<div id=\"attachment_35\" style=\"width: 1930px\" class=\"wp-caption alignnone\"><img aria-describedby=\"caption-attachment-35\" loading=\"lazy\" class=\"size-full wp-image-35\" src=\"http:\/\/blogs.kent.ac.uk\/iwota2024\/files\/2023\/07\/SibsonBanner.jpg\" alt=\"\" width=\"1920\" height=\"861\" \/><p id=\"caption-attachment-35\" class=\"wp-caption-text\">Sibson Building, University of Kent. Architect: Penoyre &amp; Prasad<\/p><\/div>\n<p>Invited speakers who have accepted are shown below.<\/p>\n<h2>Plenary speakers<\/h2>\n<ul>\n<li>Mark Embree, Virginia Tech (Israel Gohberg ILAS-IWOTA Lecturer)<\/li>\n<li>L\u00e1szl\u00f3 Erd\u00f6s, \u00a0Institute of Science and Technology Austria<\/li>\n<li>Melina Freitag, Potsdam University (ILAS supported lecture)<\/li>\n<li>St\u00e9phane Gaubert, \u00c9cole Polytechnique, Paris<\/li>\n<li>Mariana Haragus, University of Franche-Comt\u00e9<\/li>\n<li>Barbara Kaltenbacher, University of\u00a0Klagenfurt<\/li>\n<li>Pavel Kurasov, Stockholm University<\/li>\n<li>Gitta Kutyniok, LMU Munich<\/li>\n<li>Malabika Pramanik, University of British Columbia<\/li>\n<\/ul>\n<h2>Semi-plenary speakers<\/h2>\n<ul>\n<li>B.V. Rajarama Bhat, Indian Statistics Institute, Bangalore<\/li>\n<li>Sabine B\u00f6gli, Durham University<\/li>\n<li>Simon Chandler-Wilde, Reading University<\/li>\n<li>Tom Claeys, UC Louvain<\/li>\n<li>Froil\u00e1n Dopico, Universidad Carlos III, Madrid<\/li>\n<li>David Gross, Cologne University<\/li>\n<li>Sanne ter Horst, North-West University, South Africa<\/li>\n<li>Monique Laurent, CWI Amsterdam &amp;\u00a0Tilburg University<\/li>\n<li>Woo Young Lee, Korea Institute for Advanced Study<\/li>\n<li>Javad Mashreghi, Laval University, Canada<\/li>\n<li>Rob Martin, University of Manitoba<\/li>\n<li>Hans-Olav Tylli, University of Helsinki<\/li>\n<\/ul>\n","protected":false},"excerpt":{"rendered":"<p>Invited speakers who have accepted are shown below. Plenary speakers Mark Embree, Virginia Tech (Israel Gohberg ILAS-IWOTA Lecturer) L\u00e1szl\u00f3 Erd\u00f6s, \u00a0Institute of Science and Technology Austria Melina Freitag, Potsdam University (ILAS supported lecture) St\u00e9phane Gaubert, \u00c9cole Polytechnique, Paris Mariana Haragus, University of Franche-Comt\u00e9 Barbara Kaltenbacher, University of\u00a0Klagenfurt Pavel Kurasov, Stockholm University Gitta Kutyniok, LMU Munich [&hellip;]<\/p>\n","protected":false},"author":44468,"featured_media":0,"parent":0,"menu_order":2,"comment_status":"closed","ping_status":"closed","template":"","meta":[],"_links":{"self":[{"href":"https:\/\/blogs.kent.ac.uk\/iwota2024\/wp-json\/wp\/v2\/pages\/16"}],"collection":[{"href":"https:\/\/blogs.kent.ac.uk\/iwota2024\/wp-json\/wp\/v2\/pages"}],"about":[{"href":"https:\/\/blogs.kent.ac.uk\/iwota2024\/wp-json\/wp\/v2\/types\/page"}],"author":[{"embeddable":true,"href":"https:\/\/blogs.kent.ac.uk\/iwota2024\/wp-json\/wp\/v2\/users\/44468"}],"replies":[{"embeddable":true,"href":"https:\/\/blogs.kent.ac.uk\/iwota2024\/wp-json\/wp\/v2\/comments?post=16"}],"version-history":[{"count":20,"href":"https:\/\/blogs.kent.ac.uk\/iwota2024\/wp-json\/wp\/v2\/pages\/16\/revisions"}],"predecessor-version":[{"id":409,"href":"https:\/\/blogs.kent.ac.uk\/iwota2024\/wp-json\/wp\/v2\/pages\/16\/revisions\/409"}],"wp:attachment":[{"href":"https:\/\/blogs.kent.ac.uk\/iwota2024\/wp-json\/wp\/v2\/media?parent=16"}],"curies":[{"name":"wp","href":"https:\/\/api.w.org\/{rel}","templated":true}]}}