{"id":19,"date":"2019-03-07T19:42:30","date_gmt":"2019-03-07T19:42:30","guid":{"rendered":"http:\/\/blogs.kent.ac.uk\/heritagefordevelopment\/?page_id=19"},"modified":"2021-08-29T21:06:47","modified_gmt":"2021-08-29T20:06:47","slug":"impacts","status":"publish","type":"page","link":"https:\/\/blogs.kent.ac.uk\/heritagefordevelopment\/impacts\/","title":{"rendered":"Rethinking Heritage for Development"},"content":{"rendered":"<p><strong>Project impacts:<\/strong><\/p>\n<p>\u2013 Labadi, S. 2021. <em><a href=\"http:\/\/blogs.kent.ac.uk\/heritagefordevelopment\/files\/2021\/08\/POLICY-BRIEFS-FINAL-version_web.pdf\">Policy Briefs and Recommendations<\/a><\/em>. Rethinking Heritage for Sustainable Development. The University of Kent. (English)<\/p>\n<p>\u2013 Labadi, S. 2021. <em><a href=\"http:\/\/blogs.kent.ac.uk\/heritagefordevelopment\/files\/2021\/08\/POLICY-BRIEFS-Final_Fr-WEB-FINAL-version.pdf\">Notes d\u2019orientation politique et recommandations<\/a><\/em>. Repenser le patrimoine pour un d\u00e9veloppement durable. Universit\u00e9 du Kent. (Fran\u00e7ais)<\/p>\n<p class=\"p1\">\u2013 Labadi, S. 2021. <em><a href=\"http:\/\/blogs.kent.ac.uk\/heritagefordevelopment\/files\/2021\/08\/POLICY-BRIEFS-Final_Pr-WEB-FINAL-version-17-august.pdf\">Conclus\u00f5es e Recomenda\u00e7\u00f5es sobre Pol\u00edticas<\/a><\/em>. Repensando o Patrim\u00f3nio para o Desenvolvimento Sustent\u00e1vel. The University of Kent. (Portugu\u00eas)<\/p>\n<p class=\"p1\">\u2013 Our World Heritage Initiative: <a href=\"https:\/\/www.ourworldheritage.org\/diversities_and_genders\/\">Diversities and Genders<\/a> (March 2021)<\/p>\n<p><strong>Related impacts by the same researcher:\u00a0<\/strong><\/p>\n<p>\u2013 Labadi, S., Giliberto, F., Rosetti, I., Shetabi, L., Yildirim, E. 2021. <em><a href=\"https:\/\/www.icomos.org\/images\/DOCUMENTS\/Secretariat\/2021\/SDG\/ICOMOS_SDGs_Policy_Guidance_2021.pdf\">Heritage and the Sustainable Development Goals: Policy Guidance for Heritage and Development Actors<\/a><\/em>. Paris: ICOMOS.<\/p>\n<p>\u2013 <a href=\"https:\/\/blogs.kent.ac.uk\/secl-news-events\/files\/2019\/02\/WH-SD-and-Civil-Society_action-plan-FINAL.pdf\">World Heritage, Sustainable Development, and Civil Society: An Action Plan<\/a> (January 2019)<\/p>\n<p>\u2013 <a href=\"https:\/\/whc.unesco.org\/en\/sustainabledevelopment\/\">UNESCO Policy Document on the Integration of a Sustainable Development Perspective into the Processes of the World Heritage Convention<\/a> (2015)<\/p>\n","protected":false},"excerpt":{"rendered":"<p>Project impacts: \u2013 Labadi, S. 2021. Policy Briefs and Recommendations. Rethinking Heritage for Sustainable Development. The University of Kent. (English) \u2013 Labadi, S. 2021. Notes d\u2019orientation politique et recommandations. Repenser le patrimoine pour un d\u00e9veloppement durable. Universit\u00e9 du Kent. (Fran\u00e7ais) \u2013 Labadi, S. 2021. Conclus\u00f5es e Recomenda\u00e7\u00f5es sobre Pol\u00edticas. Repensando o Patrim\u00f3nio para o Desenvolvimento [&hellip;]<\/p>\n","protected":false},"author":60224,"featured_media":0,"parent":0,"menu_order":0,"comment_status":"closed","ping_status":"closed","template":"","meta":[],"_links":{"self":[{"href":"https:\/\/blogs.kent.ac.uk\/heritagefordevelopment\/wp-json\/wp\/v2\/pages\/19"}],"collection":[{"href":"https:\/\/blogs.kent.ac.uk\/heritagefordevelopment\/wp-json\/wp\/v2\/pages"}],"about":[{"href":"https:\/\/blogs.kent.ac.uk\/heritagefordevelopment\/wp-json\/wp\/v2\/types\/page"}],"author":[{"embeddable":true,"href":"https:\/\/blogs.kent.ac.uk\/heritagefordevelopment\/wp-json\/wp\/v2\/users\/60224"}],"replies":[{"embeddable":true,"href":"https:\/\/blogs.kent.ac.uk\/heritagefordevelopment\/wp-json\/wp\/v2\/comments?post=19"}],"version-history":[{"count":19,"href":"https:\/\/blogs.kent.ac.uk\/heritagefordevelopment\/wp-json\/wp\/v2\/pages\/19\/revisions"}],"predecessor-version":[{"id":322,"href":"https:\/\/blogs.kent.ac.uk\/heritagefordevelopment\/wp-json\/wp\/v2\/pages\/19\/revisions\/322"}],"wp:attachment":[{"href":"https:\/\/blogs.kent.ac.uk\/heritagefordevelopment\/wp-json\/wp\/v2\/media?parent=19"}],"curies":[{"name":"wp","href":"https:\/\/api.w.org\/{rel}","templated":true}]}}