{"id":46,"date":"2024-07-31T14:57:57","date_gmt":"2024-07-31T13:57:57","guid":{"rendered":"https:\/\/blogs.kent.ac.uk\/evidential-pluralism\/?page_id=46"},"modified":"2024-09-06T12:16:43","modified_gmt":"2024-09-06T11:16:43","slug":"groups","status":"publish","type":"page","link":"https:\/\/blogs.kent.ac.uk\/evidential-pluralism\/groups\/","title":{"rendered":"Collaborations"},"content":{"rendered":"<p>We run the <strong>Methodological Innovation Network around the North Sea<\/strong> (MINANS). This includes (anti-clockwise): Erik Weber (Ghent); Rosa Runhardt (Radboud); Federica Russo (Utrecht); Jan-Willem Romeijn &amp; Boris Kuiper (Groningen); Derek Beach (Aarhus); Hanne Andersen (Copenhagen); Jaakko Kuorikoski &amp; Caterina Marchionni (Helsinki); Till Gr\u00fcne-Yanoff (KTH, Stockholm); Fredrik Andersen (\u00d8stfold, Fredrikstad), Rani Lill Anjum (NMBU, \u00c5s); Elena Rocca (Oslo Met); Simon Andrup (Oslo); Michael Baumgartner, Luna de Souter, Veli-Pekka Parkkinen &amp; Julie Zahle (Bergen); Nancy Cartwright (Durham); Alexandra Trofimov, Michael Wilde &amp; Jon Williamson (Kent).<\/p>\n<p>We also collaborate with the <a href=\"https:\/\/evidencebasedjustice.exeter.ac.uk\/\">Evidence Based Justice Lab<\/a> at Exeter.<\/p>\n","protected":false},"excerpt":{"rendered":"<p>We run the Methodological Innovation Network around the North Sea (MINANS). This includes (anti-clockwise): Erik Weber (Ghent); Rosa Runhardt (Radboud);&hellip; <a class=\"read-more\" href=\"https:\/\/blogs.kent.ac.uk\/evidential-pluralism\/groups\/\">Read more <span class=\"screen-reader-text\">Collaborations<\/span><\/a><\/p>\n","protected":false},"author":40779,"featured_media":0,"parent":0,"menu_order":5,"comment_status":"closed","ping_status":"closed","template":"","meta":[],"_links":{"self":[{"href":"https:\/\/blogs.kent.ac.uk\/evidential-pluralism\/wp-json\/wp\/v2\/pages\/46"}],"collection":[{"href":"https:\/\/blogs.kent.ac.uk\/evidential-pluralism\/wp-json\/wp\/v2\/pages"}],"about":[{"href":"https:\/\/blogs.kent.ac.uk\/evidential-pluralism\/wp-json\/wp\/v2\/types\/page"}],"author":[{"embeddable":true,"href":"https:\/\/blogs.kent.ac.uk\/evidential-pluralism\/wp-json\/wp\/v2\/users\/40779"}],"replies":[{"embeddable":true,"href":"https:\/\/blogs.kent.ac.uk\/evidential-pluralism\/wp-json\/wp\/v2\/comments?post=46"}],"version-history":[{"count":4,"href":"https:\/\/blogs.kent.ac.uk\/evidential-pluralism\/wp-json\/wp\/v2\/pages\/46\/revisions"}],"predecessor-version":[{"id":99,"href":"https:\/\/blogs.kent.ac.uk\/evidential-pluralism\/wp-json\/wp\/v2\/pages\/46\/revisions\/99"}],"wp:attachment":[{"href":"https:\/\/blogs.kent.ac.uk\/evidential-pluralism\/wp-json\/wp\/v2\/media?parent=46"}],"curies":[{"name":"wp","href":"https:\/\/api.w.org\/{rel}","templated":true}]}}