{"id":336,"date":"2013-07-25T15:02:04","date_gmt":"2013-07-25T14:02:04","guid":{"rendered":"http:\/\/blogs.kent.ac.uk\/eu-rights-clinic\/?page_id=336"},"modified":"2021-10-06T09:30:33","modified_gmt":"2021-10-06T08:30:33","slug":"meet-the-team","status":"publish","type":"page","link":"https:\/\/blogs.kent.ac.uk\/eu-rights-clinic\/about-us\/meet-the-team\/","title":{"rendered":"Meet the team"},"content":{"rendered":"<p><a href=\"http:\/\/blogs.kent.ac.uk\/eu-rights-clinic\/files\/2021\/10\/EURC-profile-composite.png\"><img loading=\"lazy\" class=\"alignnone size-full wp-image-917\" src=\"http:\/\/blogs.kent.ac.uk\/eu-rights-clinic\/files\/2021\/10\/EURC-profile-composite.png\" alt=\"\" width=\"1063\" height=\"643\" \/><\/a><\/p>\n<p><a href=\"http:\/\/about.me\/anthony.valcke\">Dr\u00a0Anthony Valcke<\/a>, Founder and Supervising Solicitor, solicitor of the Senior Courts of England &amp; Wales, <em>avocat au Barreau de Bruxelles<\/em> (Brussels Bar, Belgium) and <em>Avvocato presso il Consiglio dell&#8217;Ordine degli Avvocati di Palermo<\/em> (Palermo Bar, Italy), member of the Immigration Law Practitioners Association (UK), <em>Sp\u00e9cialiste en droit des \u00e9trangers et en droit de l&#8217;Union Europ\u00e9enne<\/em> (Barreau de Bruxelles)<\/p>\n<p>With thanks to <a href=\"http:\/\/www.ecas.org\/about-us\/team\/\" target=\"_blank\" rel=\"noopener noreferrer\">Assya Kavrakova<\/a>, ECAS Director for ECAS&#8217;s continuing support<\/p>\n<p><em>We always welcome applications from law graduates and linguists who are interested in volunteering with us, either in person or by email.\u00a0For further details on how you can volunteer for the EU Rights Clinic, please click <a title=\"Join the EU Rights Clinic\" href=\"http:\/\/blogs.kent.ac.uk\/eu-rights-clinic\/about-us\/join-the-eu-rights-clinic\/\">here<\/a>. <\/em><\/p>\n<p><span style=\"text-decoration: underline\"><em>We are constantly looking for volunteers with Dutch and Swedish language skills !<\/em><\/span><\/p>\n<p><strong>University of Kent Students &#8211; 2020-21 academic year:\u00a0<\/strong><\/p>\n<p>Monzer Alaily, Isabell Becker-Ebert, Elisa Belenger, Francesca Fiore, Valentine Granet, Lebani Mazhani, Alexandra Nadasan, Grigoris Neofytou, Kathleen Sadd, Phoebe Sarjant<\/p>\n<p><strong>Legal volunteers:<\/strong>\u00a0<a href=\"http:\/\/www.carterthomas.co.uk\/why-us\/expertise-nichola-carter\/\" target=\"_blank\" rel=\"noopener noreferrer\">Nichola Carter<\/a>\u00a0(solicitor), <a href=\"https:\/\/www.linkedin.com\/in\/nick-gore-7aa56566\/\" target=\"_blank\" rel=\"noopener noreferrer\">Nicholas Gore<\/a> (associate)<\/p>\n<p><strong>Pro bono law firms:<\/strong> <a href=\"https:\/\/www.dlapiper.com\/en\/belgium\/\" target=\"_blank\" rel=\"noopener noreferrer\">DLA Piper<\/a>,\u00a0<a href=\"https:\/\/www.freshfields.com\/en-gb\/what-we-do\/working-globally\/europe\/belgium\/\" target=\"_blank\" rel=\"noopener noreferrer\">Freshfields<\/a>, <a href=\"https:\/\/www.whitecase.com\/locations\/emea\/brussels\" target=\"_blank\" rel=\"noopener noreferrer\">White &amp; Case<\/a><\/p>\n<p><strong><a href=\"http:\/\/www.europe4people.org\/en\/expulsion-helpdesk\/\" target=\"_blank\" rel=\"noopener noreferrer\">Expulsion Helpdesk<\/a> volunteers: <\/strong>vacant<\/p>\n<p><em><strong>Former University of Kent students:<\/strong><\/em><\/p>\n<p><em>2019\/20 academic year: on sabbatical<\/em><\/p>\n<p><em>2018-19 academic year: Ahmet Apan, Diletta Bellotti, Paige Fabry, Fulya Kocukoglu, Jessica Jasso, Nazik Leba, Li Ling, Souraya Louahrani, Helena Nyikos, Charlotte Rodaway, Gabriela Rosenburg, Chiara Scatigna, Fee Spoek, Marco Stillo, Nadia Zanwer-Ghaderi.<\/em><\/p>\n<p><em>2017-18 academic year: <\/em><em>Lana Abdulrahman, Kauthar Aden Farah, Hazel Lincy Ebenezer, Victoria Fontaine, Sheila G\u00f3is Habib, Brianna Hertford, Lois McLatchie, Margherita Putrone, Roberto Scrivano, Tmnit Tuquabo.<\/em><\/p>\n<p><em>2016-17 academic year:\u00a0Evelyn Awino Oyugi, Wendy De Leon Palencia, Fay-Anne R. Herod, Fotios Kapsalis, Tove Lager, Marina Mugnano, Nikita Sunkari, Lucie Thomas, Victoria Tonui, Roos-Marie van den Bogaard, Rachele Vestita.<\/em><\/p>\n<p><em>2015-16 academic year:\u00a0Shivangi Borah, Anna B\u00fcchi, Yasmin Matarezi-Pinheiro, Konstantina Mintzoli, Erlend Nyhein, Selena Pfister, Francesca Piatto, Augusta Ramaccioni, Alison Talkers, Ayumi Torii, Francesca Valentini, Elsemieke Van-Osch.<\/em><\/p>\n<p><em>2014-15 academic year:\u00a0Malena Carballo Widmer,\u00a0Peter Jakubiak,\u00a0Myriam Mossong,\u00a0Amaranta Rutz,\u00a0Benjamin Slaugh, Anouk Winkel.<\/em><\/p>\n<p><em>2013-14 academic year:\u00a0<\/em>\u00a0<em>Nicoletta Grivas,\u00a0Flavia Jordan,\u00a0Ay\u00e7a Kutlu, Irene Pasini,\u00a0Amelia Stoenescu,\u00a0Aliz\u00e9 Tacquoi.<\/em><\/p>\n<p><em>2012-13 academic year:\u00a0\u00a0Kristin Berland,\u00a0Laura Clough, Laura Kellogg, Jen Lund, Diane Milic,\u00a0Salimah Shamsuddin, Shintaro Yanagi.<\/em><\/p>\n<p><em><strong>Former coordinators<\/strong><\/em><\/p>\n<p><em>2018-19: Zuzana Pundova; <\/em><em>2017-18: Ilda Durri; <\/em><em>2016-17: Nataly Knecht; <\/em><em>2013-14: Elisa Bruno; <\/em><em>2012-13:\u00a0Emile Todoroff<\/em><\/p>\n<p><em><strong>Former interns and volunteers:\u00a0<\/strong><\/em><\/p>\n<p><em>2014-15 to 2017-18: Lapo Bettarini, Lara Ciabattoni, Alessandra Giannessi, Marta Mateos.<\/em><\/p>\n<p><em>2015-16 and 2016-17: Alexandra Bogos, Nataly Knecht<\/em><\/p>\n<p><em>2014-15:\u00a0Agnieszka Bielinska, Mirela Buturovic, Giulia Donadi, Anastasia Karatzia, Emile Todoroff,\u00a0Enrica Voena,\u00a0<span style=\"color: #454545\">Martha Wolters-Zivkovic<\/span><\/em><\/p>\n<p><em>2013-14: Alex Lea,\u00a0Leticia\u00a0Biendo-Becerra<\/em><\/p>\n<p><em>2012-13: Eadaoin Ni Chaoimh,\u00a0Ryan Kalafsky, Salvatore Sofia<\/em><\/p>\n<p><em>2012-13 until 2016\/2017: Leticia\u00a0Biendo-Becerra<\/em><\/p>\n<ul class=\"kent-social-links\"><li><a href='http:\/\/www.facebook.com\/sharer.php?u=https:\/\/blogs.kent.ac.uk\/eu-rights-clinic\/about-us\/meet-the-team\/&amp;t=Meet the team' target='_blank'><i class='ksocial-facebook' title='Share via Facebook'><\/i><\/a><\/li><li><a href='http:\/\/twitter.com\/home?status=Meet the team%20https:\/\/blogs.kent.ac.uk\/eu-rights-clinic\/about-us\/meet-the-team\/' target='_blank'><i class='ksocial-twitter' title='Share via Twitter'><\/i><\/a><\/li><li><a href='https:\/\/plus.google.com\/share?url=https:\/\/blogs.kent.ac.uk\/eu-rights-clinic\/about-us\/meet-the-team\/' target='_blank'><i class='ksocial-google-plus' title='Share via Google Plus'><\/i><\/a><\/li><li><a href='http:\/\/linkedin.com\/shareArticle?mini=true&amp;url=https:\/\/blogs.kent.ac.uk\/eu-rights-clinic\/about-us\/meet-the-team\/&amp;title=Meet the team' target='_blank'><i class='ksocial-linkedin' title='Share via Linked In'><\/i><\/a><\/li><li><a href='mailto:content=https:\/\/blogs.kent.ac.uk\/eu-rights-clinic\/about-us\/meet-the-team\/&amp;title=Meet the team' target='_blank'><i class='ksocial-email' title='Share via Email'><\/i><\/a><\/li><\/ul>","protected":false},"excerpt":{"rendered":"<p>Dr\u00a0Anthony Valcke, Founder and Supervising Solicitor, solicitor of the Senior Courts of England &amp; Wales, avocat au Barreau de Bruxelles (Brussels Bar, Belgium) and Avvocato presso il Consiglio dell&#8217;Ordine degli Avvocati di Palermo (Palermo Bar, Italy), member of the Immigration &hellip; <a href=\"https:\/\/blogs.kent.ac.uk\/eu-rights-clinic\/about-us\/meet-the-team\/\">Continue reading <span class=\"meta-nav\">&rarr;<\/span><\/a><\/p>\n","protected":false},"author":5354,"featured_media":862,"parent":2,"menu_order":0,"comment_status":"open","ping_status":"open","template":"","meta":[],"_links":{"self":[{"href":"https:\/\/blogs.kent.ac.uk\/eu-rights-clinic\/wp-json\/wp\/v2\/pages\/336"}],"collection":[{"href":"https:\/\/blogs.kent.ac.uk\/eu-rights-clinic\/wp-json\/wp\/v2\/pages"}],"about":[{"href":"https:\/\/blogs.kent.ac.uk\/eu-rights-clinic\/wp-json\/wp\/v2\/types\/page"}],"author":[{"embeddable":true,"href":"https:\/\/blogs.kent.ac.uk\/eu-rights-clinic\/wp-json\/wp\/v2\/users\/5354"}],"replies":[{"embeddable":true,"href":"https:\/\/blogs.kent.ac.uk\/eu-rights-clinic\/wp-json\/wp\/v2\/comments?post=336"}],"version-history":[{"count":44,"href":"https:\/\/blogs.kent.ac.uk\/eu-rights-clinic\/wp-json\/wp\/v2\/pages\/336\/revisions"}],"predecessor-version":[{"id":918,"href":"https:\/\/blogs.kent.ac.uk\/eu-rights-clinic\/wp-json\/wp\/v2\/pages\/336\/revisions\/918"}],"up":[{"embeddable":true,"href":"https:\/\/blogs.kent.ac.uk\/eu-rights-clinic\/wp-json\/wp\/v2\/pages\/2"}],"wp:featuredmedia":[{"embeddable":true,"href":"https:\/\/blogs.kent.ac.uk\/eu-rights-clinic\/wp-json\/wp\/v2\/media\/862"}],"wp:attachment":[{"href":"https:\/\/blogs.kent.ac.uk\/eu-rights-clinic\/wp-json\/wp\/v2\/media?parent=336"}],"curies":[{"name":"wp","href":"https:\/\/api.w.org\/{rel}","templated":true}]}}