{"id":438,"date":"2022-11-29T12:53:36","date_gmt":"2022-11-29T12:53:36","guid":{"rendered":"https:\/\/blogs.kent.ac.uk\/aloureiro\/?page_id=438"},"modified":"2022-11-29T12:55:06","modified_gmt":"2022-11-29T12:55:06","slug":"opsfota-online","status":"publish","type":"page","link":"https:\/\/blogs.kent.ac.uk\/aloureiro\/opsfota-online\/","title":{"rendered":"OPSFOTA Online"},"content":{"rendered":"<p>In view of the continuing spread of the COVID-19 virus, we now hold a series of weekly virtual seminar meetings on<strong> Thursdays at 15:30 (BST)<\/strong>.<br \/>\nThese were organised by the <strong><a href=\"https:\/\/www.icms.org.uk\/OPSFOTA.php\">International Centre for Mathematical Sciences ICMS<\/a><\/strong>\u00a0 in collaboration with INI.<br \/>\nSome of the talks are recorded. Further details can be found <a href=\"https:\/\/www.icms.org.uk\/OPSFOTA.php\">here<\/a>.<\/p>\n<h4>Virtual Seminar Series&#8217; ORGANISERS:<\/h4>\n<p>Thomas Bothner (King&#8217;s College London)<br \/>\nAdri Olde Daalhuis (University of Edinburgh)<br \/>\nAna\u00a0F. Loureiro (University of Kent)<br \/>\nWalter Van Assche (KU Leuven, Belgium)<br \/>\nJani Virtanen (University of Reading)<\/p>\n<p><strong>SEMINARS AND SPEAKERS <\/strong>[June 2020 &#8211; September 2020]<\/p>\n<ul>\n<li>18 June 2020: H\u00e5kan Hedenmalm (KTH Stockholm, Sweden) <em>Gaussian analytic functions and operator symbols of Dirichlet type<br \/>\n<\/em>(A recording of this talk <a href=\"https:\/\/media.ed.ac.uk\/playlist\/dedicated\/51612401\/1_xm667u7s\/1_b5usvhxn\">can be found here<\/a>)<\/li>\n<li>25 June 2020: Grzegorz Swiderski (KU Leuven, Belgium) <em>About essential spectra of unbounded Jacobi matrices<\/em><\/li>\n<li>2 July 2020: Emma Bailey (University of Bristol, UK) <em>Moments of moments<br \/>\n<\/em>(A recording of this talk <a href=\"https:\/\/media.ed.ac.uk\/media\/Moments+of+Moments+-+Emma+Bailey\/1_f1b0rj8f\">can be found here<\/a>)<\/li>\n<li>9 July 2020: Fredrik Johansson: (INRIA Bordeaux, France) <em>Special functions in Fungrim<br \/>\n<\/em>(A recording of this talk <a href=\"https:\/\/media.ed.ac.uk\/media\/Fredrik+JohanssonA+%28INRIA+Bordeaux%2C+France%29+Special+functions+in+Fungrim+-+Fredrik+Johansson\/1_101f3d14\" target=\"new\" rel=\"noopener noreferrer\">can be found here<\/a>)<\/li>\n<li>16 July 2020: Sergey Denisov : (U. Wisconsin, USA) <em>Continuity of weighted operators, Muckenhoupt weights, and Steklov problem for orthogonal polynomials.<\/em><\/li>\n<li>23 July 2020: Roozbeh Gharakhloo: (Colorado State, US) <em>A Riemann-Hilbert approach to asymptotic analysis of Toeplitz+Hankel determinants<\/em><\/li>\n<li>30 July 2020: Manuela Girotti : (U. Montreal, Canada) <em>Fredholm Determinant Solutions of the Painlev\u00e9 II Hierarchy and Gap Probabilities of Determinantal Point Processes.<\/em><\/li>\n<li>06 August 2020: Robert Milson : (Dalhousie University, Canada)<br \/>\nThe adelic grassmannian and exceptional Hermite polynomials.<\/li>\n<li>13 August 2020 : Maurice Duits (KTH, Sweden)<br \/>\nTitle and abstract: TBA<\/li>\n<li>27 August 2020: W. Riley Casper <span class=\"\" style=\"font-family: Arial\">(California State University, USA)<\/span><\/li>\n<li>03 Sep 2020: Giorgio Mantica (<i>Universit\u00e0 Degli Studi Dell&#8217;insubria,\u00a0Italy)<\/i><\/li>\n<li>17 Sep 2020: Margit R\u00f6sler (Paderborn University, Germany)<\/li>\n<li>29 Oct 2020:Maxim Yattselev, Indiana University-Purdue University<br \/>\nOn Hermite\u2013Pad\u00e9 approximants for a pair of Cauchy transforms with overlapping symmetric supports<\/li>\n<li>26 Nov 2020: Benjamin Eichinger, Johannes Kepler University<br \/>\nStahl-Totik regularity for orthogonal rational functions with real poles and GMP matrices<\/li>\n<li>15 Feb 2021: Jose Luis Lopez, Universidad Publica de Navarra<br \/>\nAsymptotics of the canonical catastrophe integrals<\/li>\n<li>01 Mar 2021: Anna Maltsev, Queen Mary University<br \/>\nCovariance formulas for fluctuations of linear spectral statistics for Wigner matrices with few moments<\/li>\n<li>15 Mar 2021: Mar\u00eda \u00c1ngeles Garcia-Ferrero, Universit\u00e4t Heidelberg<br \/>\nExceptional Legendre polynomials and confluent Darboux transformations<\/li>\n<li>29 Mar 2021:\u00a0Kerstin Jordaan, University of South Africa<br \/>\nGeneralised higher order Freud polynomials<\/li>\n<li>19 Apr 2021:\u00a0Alan Sokal, University College London &amp; New York University<br \/>\nMultiple orthogonal polynomials and branched continued fractions: An unexpected connection<\/li>\n<li>17 May 2021<br \/>\nDan Dai, City University of Hong Kong<br \/>\nThe distribution for the maximal height of non-intersecting Bessel paths<\/li>\n<li>24 May 2021Alexander Stokes, University College London &amp; University of Warsaw<br \/>\nIdentifying Painlev\u00e9 equations related to orthogonal polynomials: the geometric approach<\/li>\n<li>14 Jun 2021<br \/>\nAhmad Barhoumi, University of Michigan<br \/>\nAsymptotics of Kissing Polynomials and their Recurrence Relations<\/li>\n<li>28 Jun 2021:\u00a0Ester P\u00e9rez Sinus\u00eda, Universidad de Zaragoza<br \/>\nUniform convergent expansions of special functions in terms of elementary functions<\/li>\n<li>12 Jul 2021:\u00a0Mirta Castro, Universidad de Sevilla<br \/>\nOn a family of Jacobi type polynomials as eigenfunctions of 2&#215;2 hypergeometric operators: Structural formulas<\/li>\n<\/ul>\n","protected":false},"excerpt":{"rendered":"<p>In view of the continuing spread of the COVID-19 virus, we now hold a series of weekly virtual seminar meetings on Thursdays at 15:30 (BST). These were organised by the International Centre for Mathematical Sciences ICMS\u00a0 in collaboration with INI. &hellip; <a href=\"https:\/\/blogs.kent.ac.uk\/aloureiro\/opsfota-online\/\">Continue reading <span class=\"meta-nav\">&rarr;<\/span><\/a><\/p>\n","protected":false},"author":44468,"featured_media":0,"parent":0,"menu_order":0,"comment_status":"closed","ping_status":"closed","template":"","meta":[],"_links":{"self":[{"href":"https:\/\/blogs.kent.ac.uk\/aloureiro\/wp-json\/wp\/v2\/pages\/438"}],"collection":[{"href":"https:\/\/blogs.kent.ac.uk\/aloureiro\/wp-json\/wp\/v2\/pages"}],"about":[{"href":"https:\/\/blogs.kent.ac.uk\/aloureiro\/wp-json\/wp\/v2\/types\/page"}],"author":[{"embeddable":true,"href":"https:\/\/blogs.kent.ac.uk\/aloureiro\/wp-json\/wp\/v2\/users\/44468"}],"replies":[{"embeddable":true,"href":"https:\/\/blogs.kent.ac.uk\/aloureiro\/wp-json\/wp\/v2\/comments?post=438"}],"version-history":[{"count":3,"href":"https:\/\/blogs.kent.ac.uk\/aloureiro\/wp-json\/wp\/v2\/pages\/438\/revisions"}],"predecessor-version":[{"id":442,"href":"https:\/\/blogs.kent.ac.uk\/aloureiro\/wp-json\/wp\/v2\/pages\/438\/revisions\/442"}],"wp:attachment":[{"href":"https:\/\/blogs.kent.ac.uk\/aloureiro\/wp-json\/wp\/v2\/media?parent=438"}],"curies":[{"name":"wp","href":"https:\/\/api.w.org\/{rel}","templated":true}]}}